{"id":3241,"date":"2026-03-12T13:56:24","date_gmt":"2026-03-12T12:56:24","guid":{"rendered":"https:\/\/www.udaberria.eus\/cursos-de-euskera\/"},"modified":"2026-03-19T11:01:47","modified_gmt":"2026-03-19T10:01:47","slug":"cursos-de-euskera","status":"publish","type":"page","link":"https:\/\/www.udaberria.eus\/es\/cursos-de-euskera\/","title":{"rendered":"Cursos de euskera"},"content":{"rendered":"<div class=\"wpb-content-wrapper\"><p>[vc_row][vc_column][vc_row_inner gap=\u00bb25&#8243;][vc_column_inner width=\u00bb1\/2&#8243;]<div tabindex=\"0\" class=\"ult-new-ib ult-ib-effect-style6  ult-ib-resp  \" data-min-width=\"768\" data-max-width=\"900\" style=\"background:#7E1974;\" data-opacity=\"0.6\" data-hover-opacity=\"0.3\" ><img decoding=\"async\" class=\"ult-new-ib-img\" style=\"opacity:0.6;\" alt=\"null\" src=\"https:\/\/www.udaberria.eus\/wp-content\/uploads\/2016\/09\/Adultos-Helduak-3.jpg\"   \/><div id=\"interactive-banner-wrap-7877\" class=\"ult-new-ib-desc\" style=\"\"><h2 class=\"ult-new-ib-title ult-responsive\"  data-ultimate-target='#interactive-banner-wrap-7877 .ult-new-ib-title'  data-responsive-json-new='{\"font-size\":\"desktop:30px;\",\"line-height\":\"desktop:45px;\"}'  style=\"font-weight:normal;\">Curso 25\/26<\/h2><div class=\"ult-new-ib-content ult-responsive\"  data-ultimate-target='#interactive-banner-wrap-7877 .ult-new-ib-content'  data-responsive-json-new='{\"font-size\":\"desktop:16px;\",\"line-height\":\"desktop:24px;\"}'  style=\"font-weight:normal;\"><p>Cursos homologados A1 - C2<\/p><\/div><\/div><a class=\"ult-new-ib-link\" href=\"https:\/\/www.udaberria.eus\/es\/curso-2025-2026\/\" title=\"Curso 2025-2026\"  ><\/a><\/div>[\/vc_column_inner][vc_column_inner width=\u00bb1\/2&#8243;]<div tabindex=\"0\" class=\"ult-new-ib ult-ib-effect-style6  ult-ib-resp  \" data-min-width=\"768\" data-max-width=\"900\" style=\"background:#7E1974;\" data-opacity=\"0.6\" data-hover-opacity=\"0.3\" ><img decoding=\"async\" class=\"ult-new-ib-img\" style=\"opacity:0.6;\" alt=\"null\" src=\"https:\/\/www.udaberria.eus\/wp-content\/uploads\/2022\/11\/euskaltegi-vitoria-gasteiz-udaberria-jovenes-ninos.jpg\"   \/><div id=\"interactive-banner-wrap-8987\" class=\"ult-new-ib-desc\" style=\"\"><h2 class=\"ult-new-ib-title ult-responsive\"  data-ultimate-target='#interactive-banner-wrap-8987 .ult-new-ib-title'  data-responsive-json-new='{\"font-size\":\"desktop:30px;\",\"line-height\":\"desktop:45px;\"}'  style=\"font-weight:normal;\">Enero - Junio<\/h2><div class=\"ult-new-ib-content ult-responsive\"  data-ultimate-target='#interactive-banner-wrap-8987 .ult-new-ib-content'  data-responsive-json-new='{\"font-size\":\"desktop:16px;\",\"line-height\":\"desktop:24px;\"}'  style=\"font-weight:normal;\"><p>Cursos homologados A1 - C2<\/p><\/div><\/div><a class=\"ult-new-ib-link\" href=\"https:\/\/www.udaberria.eus\/es\/enero-junio\/\" title=\"Curso 2025-2026\"  ><\/a><\/div>[\/vc_column_inner][\/vc_row_inner][vc_row_inner gap=\u00bb25&#8243;][vc_column_inner width=\u00bb1\/2&#8243;]<div tabindex=\"0\" class=\"ult-new-ib ult-ib-effect-style6  ult-ib-resp  \" data-min-width=\"768\" data-max-width=\"900\" style=\"background:#7E1974;\" data-opacity=\"0.6\" data-hover-opacity=\"0.3\" ><img decoding=\"async\" class=\"ult-new-ib-img\" style=\"opacity:0.6;\" alt=\"null\" src=\"https:\/\/www.udaberria.eus\/wp-content\/uploads\/2016\/09\/Ninos-jovenes-humeak-gazteak.jpg\"   \/><div id=\"interactive-banner-wrap-5140\" class=\"ult-new-ib-desc\" style=\"\"><h2 class=\"ult-new-ib-title ult-responsive\"  data-ultimate-target='#interactive-banner-wrap-5140 .ult-new-ib-title'  data-responsive-json-new='{\"font-size\":\"desktop:30px;\",\"line-height\":\"desktop:45px;\"}'  style=\"font-weight:normal;\">Ni\u00f1@s y j\u00f3venes<\/h2><div class=\"ult-new-ib-content ult-responsive\"  data-ultimate-target='#interactive-banner-wrap-5140 .ult-new-ib-content'  data-responsive-json-new='{\"font-size\":\"desktop:16px;\",\"line-height\":\"desktop:24px;\"}'  style=\"font-weight:normal;\"><p>Educaci\u00f3n Primaria - ESO<\/p><\/div><\/div><a class=\"ult-new-ib-link\" href=\"https:\/\/www.udaberria.eus\/es\/ninos-y-jovenes\/\" title=\"Curso 2025-2026\"  ><\/a><\/div>[\/vc_column_inner][vc_column_inner width=\u00bb1\/2&#8243;]<div tabindex=\"0\" class=\"ult-new-ib ult-ib-effect-style6  ult-ib-resp  \" data-min-width=\"768\" data-max-width=\"900\" style=\"background:#7E1974;\" data-opacity=\"0.6\" data-hover-opacity=\"0.3\" ><img decoding=\"async\" class=\"ult-new-ib-img\" style=\"opacity:0.6;\" alt=\"null\" src=\"https:\/\/www.udaberria.eus\/wp-content\/uploads\/2016\/09\/online-ikastaroak.jpg\"   \/><div id=\"interactive-banner-wrap-1132\" class=\"ult-new-ib-desc\" style=\"\"><h2 class=\"ult-new-ib-title ult-responsive\"  data-ultimate-target='#interactive-banner-wrap-1132 .ult-new-ib-title'  data-responsive-json-new='{\"font-size\":\"desktop:30px;\",\"line-height\":\"desktop:45px;\"}'  style=\"font-weight:normal;\">Cursos on line<\/h2><div class=\"ult-new-ib-content ult-responsive\"  data-ultimate-target='#interactive-banner-wrap-1132 .ult-new-ib-content'  data-responsive-json-new='{\"font-size\":\"desktop:16px;\",\"line-height\":\"desktop:24px;\"}'  style=\"font-weight:normal;\"><p>Cursos homologados por HABE<br \/>\nAutoaprendizaje<\/p><\/div><\/div><a class=\"ult-new-ib-link\" href=\"https:\/\/www.udaberria.eus\/es\/cursos-on-line-euskera\/\" title=\"Curso 2025-2026\"  ><\/a><\/div>[\/vc_column_inner][\/vc_row_inner][vc_row_inner gap=\u00bb25&#8243;][vc_column_inner width=\u00bb1\/2&#8243;]<div tabindex=\"0\" class=\"ult-new-ib ult-ib-effect-style6  ult-ib-resp  \" data-min-width=\"768\" data-max-width=\"900\" style=\"background:#7E1974;\" data-opacity=\"0.6\" data-hover-opacity=\"0.3\" ><img decoding=\"async\" class=\"ult-new-ib-img\" style=\"opacity:0.6;\" alt=\"null\" src=\"https:\/\/www.udaberria.eus\/wp-content\/uploads\/2026\/03\/udaberria-euskaltegia-vitoria-gasteiz-verano.jpg\"   \/><div id=\"interactive-banner-wrap-4405\" class=\"ult-new-ib-desc\" style=\"\"><h2 class=\"ult-new-ib-title ult-responsive\"  data-ultimate-target='#interactive-banner-wrap-4405 .ult-new-ib-title'  data-responsive-json-new='{\"font-size\":\"desktop:30px;\",\"line-height\":\"desktop:45px;\"}'  style=\"font-weight:normal;\">Intensivos verano<\/h2><div class=\"ult-new-ib-content ult-responsive\"  data-ultimate-target='#interactive-banner-wrap-4405 .ult-new-ib-content'  data-responsive-json-new='{\"font-size\":\"desktop:16px;\",\"line-height\":\"desktop:24px;\"}'  style=\"font-weight:normal;\"><p>Cursos homologados A1 - C2<\/p><\/div><\/div><a class=\"ult-new-ib-link\" href=\"https:\/\/www.udaberria.eus\/es\/verano-2025-cursos-intensivos-de-euskera-adultos\/\" title=\"Curso 2025-2026\"  ><\/a><\/div>[\/vc_column_inner][vc_column_inner width=\u00bb1\/2&#8243;]<div tabindex=\"0\" class=\"ult-new-ib ult-ib-effect-style6  ult-ib-resp  \" data-min-width=\"768\" data-max-width=\"900\" style=\"background:#7E1974;\" data-opacity=\"0.6\" data-hover-opacity=\"0.3\" ><img decoding=\"async\" class=\"ult-new-ib-img\" style=\"opacity:0.6;\" alt=\"null\" src=\"https:\/\/www.udaberria.eus\/wp-content\/uploads\/2026\/03\/udaberria-euskaltegia-vitoria-gasteiz-verano-ninos.jpg\"   \/><div id=\"interactive-banner-wrap-3515\" class=\"ult-new-ib-desc\" style=\"\"><h2 class=\"ult-new-ib-title ult-responsive\"  data-ultimate-target='#interactive-banner-wrap-3515 .ult-new-ib-title'  data-responsive-json-new='{\"font-size\":\"desktop:30px;\",\"line-height\":\"desktop:45px;\"}'  style=\"font-weight:normal;\">Intensivos verano ni\u00f1@s y j\u00f3venes<\/h2><div class=\"ult-new-ib-content ult-responsive\"  data-ultimate-target='#interactive-banner-wrap-3515 .ult-new-ib-content'  data-responsive-json-new='{\"font-size\":\"desktop:16px;\",\"line-height\":\"desktop:24px;\"}'  style=\"font-weight:normal;\"><p>Cursos presenciales ni\u00f1@s y j\u00f3venes 9 - 16 a\u00f1os<\/p><\/div><\/div><a class=\"ult-new-ib-link\" href=\"https:\/\/www.udaberria.eus\/es\/verano-2025-cursos-intensivos-de-euskera-ninos-ninas-y-jovenes\/\" title=\"Curso 2025-2026\"  ><\/a><\/div>[\/vc_column_inner][\/vc_row_inner][vc_row_inner gap=\u00bb25&#8243;][vc_column_inner width=\u00bb1\/2&#8243;]<div tabindex=\"0\" class=\"ult-new-ib ult-ib-effect-style6  ult-ib-resp  \" data-min-width=\"768\" data-max-width=\"900\" style=\"background:#7E1974;\" data-opacity=\"0.6\" data-hover-opacity=\"0.3\" ><img decoding=\"async\" class=\"ult-new-ib-img\" style=\"opacity:0.6;\" alt=\"null\" src=\"https:\/\/www.udaberria.eus\/wp-content\/uploads\/2026\/03\/udaberria-euskaltegia-vitoria-gasteiz-orduna.jpg\"   \/><div id=\"interactive-banner-wrap-3720\" class=\"ult-new-ib-desc\" style=\"\"><h2 class=\"ult-new-ib-title ult-responsive\"  data-ultimate-target='#interactive-banner-wrap-3720 .ult-new-ib-title'  data-responsive-json-new='{\"font-size\":\"desktop:30px;\",\"line-height\":\"desktop:45px;\"}'  style=\"font-weight:normal;\">Ordu\u00f1a<\/h2><div class=\"ult-new-ib-content ult-responsive\"  data-ultimate-target='#interactive-banner-wrap-3720 .ult-new-ib-content'  data-responsive-json-new='{\"font-size\":\"desktop:16px;\",\"line-height\":\"desktop:24px;\"}'  style=\"font-weight:normal;\"><p>Cursos homologados A1 - C2<\/p><\/div><\/div><a class=\"ult-new-ib-link\" href=\"https:\/\/www.udaberria.eus\/es\/orduna\/\" title=\"Curso 2025-2026\"  ><\/a><\/div>[\/vc_column_inner][vc_column_inner width=\u00bb1\/2&#8243;][\/vc_column_inner][\/vc_row_inner][\/vc_column][\/vc_row]<\/p>\n<\/div>","protected":false},"excerpt":{"rendered":"<p>[vc_row][vc_column][vc_row_inner gap=\u00bb25&#8243;][vc_column_inner width=\u00bb1\/2&#8243;][\/vc_column_inner][vc_column_inner width=\u00bb1\/2&#8243;][\/vc_column_inner][\/vc_row_inner][vc_row_inner gap=\u00bb25&#8243;][vc_column_inner width=\u00bb1\/2&#8243;][\/vc_column_inner][vc_column_inner width=\u00bb1\/2&#8243;][\/vc_column_inner][\/vc_row_inner][vc_row_inner gap=\u00bb25&#8243;][vc_column_inner width=\u00bb1\/2&#8243;][\/vc_column_inner][vc_column_inner width=\u00bb1\/2&#8243;][\/vc_column_inner][\/vc_row_inner][vc_row_inner gap=\u00bb25&#8243;][vc_column_inner width=\u00bb1\/2&#8243;][\/vc_column_inner][vc_column_inner width=\u00bb1\/2&#8243;][\/vc_column_inner][\/vc_row_inner][\/vc_column][\/vc_row]<\/p>\n","protected":false},"author":1,"featured_media":0,"parent":0,"menu_order":0,"comment_status":"closed","ping_status":"closed","template":"","meta":{"footnotes":""},"class_list":["post-3241","page","type-page","status-publish","hentry","description-off"],"yoast_head":"<!-- This site is optimized with the Yoast SEO plugin v27.1.1 - https:\/\/yoast.com\/product\/yoast-seo-wordpress\/ -->\n<title>Cursos de euskera - Udaberria Euskaltegia<\/title>\n<meta name=\"robots\" content=\"index, follow, max-snippet:-1, max-image-preview:large, max-video-preview:-1\" \/>\n<link rel=\"canonical\" href=\"https:\/\/www.udaberria.eus\/es\/cursos-de-euskera\/\" \/>\n<meta property=\"og:locale\" content=\"es_ES\" \/>\n<meta property=\"og:type\" content=\"article\" \/>\n<meta property=\"og:title\" content=\"Cursos de euskera - Udaberria Euskaltegia\" \/>\n<meta property=\"og:description\" content=\"[vc_row][vc_column][vc_row_inner gap=\u00bb25&#8243;][vc_column_inner width=\u00bb1\/2&#8243;][\/vc_column_inner][vc_column_inner width=\u00bb1\/2&#8243;][\/vc_column_inner][\/vc_row_inner][vc_row_inner gap=\u00bb25&#8243;][vc_column_inner width=\u00bb1\/2&#8243;][\/vc_column_inner][vc_column_inner width=\u00bb1\/2&#8243;][\/vc_column_inner][\/vc_row_inner][vc_row_inner gap=\u00bb25&#8243;][vc_column_inner width=\u00bb1\/2&#8243;][\/vc_column_inner][vc_column_inner width=\u00bb1\/2&#8243;][\/vc_column_inner][\/vc_row_inner][vc_row_inner gap=\u00bb25&#8243;][vc_column_inner width=\u00bb1\/2&#8243;][\/vc_column_inner][vc_column_inner width=\u00bb1\/2&#8243;][\/vc_column_inner][\/vc_row_inner][\/vc_column][\/vc_row]\" \/>\n<meta property=\"og:url\" content=\"https:\/\/www.udaberria.eus\/es\/cursos-de-euskera\/\" \/>\n<meta property=\"og:site_name\" content=\"Udaberria Euskaltegia\" \/>\n<meta property=\"article:modified_time\" content=\"2026-03-19T10:01:47+00:00\" \/>\n<meta name=\"twitter:card\" content=\"summary_large_image\" \/>\n<meta name=\"twitter:label1\" content=\"Tiempo de lectura\" \/>\n\t<meta name=\"twitter:data1\" content=\"1 minuto\" \/>\n<script type=\"application\/ld+json\" class=\"yoast-schema-graph\">{\"@context\":\"https:\/\/schema.org\",\"@graph\":[{\"@type\":\"WebPage\",\"@id\":\"https:\/\/www.udaberria.eus\/es\/cursos-de-euskera\/\",\"url\":\"https:\/\/www.udaberria.eus\/es\/cursos-de-euskera\/\",\"name\":\"Cursos de euskera - Udaberria Euskaltegia\",\"isPartOf\":{\"@id\":\"https:\/\/www.udaberria.eus\/es\/#website\"},\"datePublished\":\"2026-03-12T12:56:24+00:00\",\"dateModified\":\"2026-03-19T10:01:47+00:00\",\"breadcrumb\":{\"@id\":\"https:\/\/www.udaberria.eus\/es\/cursos-de-euskera\/#breadcrumb\"},\"inLanguage\":\"es\",\"potentialAction\":[{\"@type\":\"ReadAction\",\"target\":[\"https:\/\/www.udaberria.eus\/es\/cursos-de-euskera\/\"]}]},{\"@type\":\"BreadcrumbList\",\"@id\":\"https:\/\/www.udaberria.eus\/es\/cursos-de-euskera\/#breadcrumb\",\"itemListElement\":[{\"@type\":\"ListItem\",\"position\":1,\"name\":\"Portada\",\"item\":\"https:\/\/www.udaberria.eus\/es\/\"},{\"@type\":\"ListItem\",\"position\":2,\"name\":\"Cursos de euskera\"}]},{\"@type\":\"WebSite\",\"@id\":\"https:\/\/www.udaberria.eus\/es\/#website\",\"url\":\"https:\/\/www.udaberria.eus\/es\/\",\"name\":\"Udaberria Euskaltegia\",\"description\":\"Euskara bertatik bertara!\",\"potentialAction\":[{\"@type\":\"SearchAction\",\"target\":{\"@type\":\"EntryPoint\",\"urlTemplate\":\"https:\/\/www.udaberria.eus\/es\/?s={search_term_string}\"},\"query-input\":{\"@type\":\"PropertyValueSpecification\",\"valueRequired\":true,\"valueName\":\"search_term_string\"}}],\"inLanguage\":\"es\"}]}<\/script>\n<!-- \/ Yoast SEO plugin. -->","yoast_head_json":{"title":"Cursos de euskera - Udaberria Euskaltegia","robots":{"index":"index","follow":"follow","max-snippet":"max-snippet:-1","max-image-preview":"max-image-preview:large","max-video-preview":"max-video-preview:-1"},"canonical":"https:\/\/www.udaberria.eus\/es\/cursos-de-euskera\/","og_locale":"es_ES","og_type":"article","og_title":"Cursos de euskera - Udaberria Euskaltegia","og_description":"[vc_row][vc_column][vc_row_inner gap=\u00bb25&#8243;][vc_column_inner width=\u00bb1\/2&#8243;][\/vc_column_inner][vc_column_inner width=\u00bb1\/2&#8243;][\/vc_column_inner][\/vc_row_inner][vc_row_inner gap=\u00bb25&#8243;][vc_column_inner width=\u00bb1\/2&#8243;][\/vc_column_inner][vc_column_inner width=\u00bb1\/2&#8243;][\/vc_column_inner][\/vc_row_inner][vc_row_inner gap=\u00bb25&#8243;][vc_column_inner width=\u00bb1\/2&#8243;][\/vc_column_inner][vc_column_inner width=\u00bb1\/2&#8243;][\/vc_column_inner][\/vc_row_inner][vc_row_inner gap=\u00bb25&#8243;][vc_column_inner width=\u00bb1\/2&#8243;][\/vc_column_inner][vc_column_inner width=\u00bb1\/2&#8243;][\/vc_column_inner][\/vc_row_inner][\/vc_column][\/vc_row]","og_url":"https:\/\/www.udaberria.eus\/es\/cursos-de-euskera\/","og_site_name":"Udaberria Euskaltegia","article_modified_time":"2026-03-19T10:01:47+00:00","twitter_card":"summary_large_image","twitter_misc":{"Tiempo de lectura":"1 minuto"},"schema":{"@context":"https:\/\/schema.org","@graph":[{"@type":"WebPage","@id":"https:\/\/www.udaberria.eus\/es\/cursos-de-euskera\/","url":"https:\/\/www.udaberria.eus\/es\/cursos-de-euskera\/","name":"Cursos de euskera - Udaberria Euskaltegia","isPartOf":{"@id":"https:\/\/www.udaberria.eus\/es\/#website"},"datePublished":"2026-03-12T12:56:24+00:00","dateModified":"2026-03-19T10:01:47+00:00","breadcrumb":{"@id":"https:\/\/www.udaberria.eus\/es\/cursos-de-euskera\/#breadcrumb"},"inLanguage":"es","potentialAction":[{"@type":"ReadAction","target":["https:\/\/www.udaberria.eus\/es\/cursos-de-euskera\/"]}]},{"@type":"BreadcrumbList","@id":"https:\/\/www.udaberria.eus\/es\/cursos-de-euskera\/#breadcrumb","itemListElement":[{"@type":"ListItem","position":1,"name":"Portada","item":"https:\/\/www.udaberria.eus\/es\/"},{"@type":"ListItem","position":2,"name":"Cursos de euskera"}]},{"@type":"WebSite","@id":"https:\/\/www.udaberria.eus\/es\/#website","url":"https:\/\/www.udaberria.eus\/es\/","name":"Udaberria Euskaltegia","description":"Euskara bertatik bertara!","potentialAction":[{"@type":"SearchAction","target":{"@type":"EntryPoint","urlTemplate":"https:\/\/www.udaberria.eus\/es\/?s={search_term_string}"},"query-input":{"@type":"PropertyValueSpecification","valueRequired":true,"valueName":"search_term_string"}}],"inLanguage":"es"}]}},"_links":{"self":[{"href":"https:\/\/www.udaberria.eus\/es\/wp-json\/wp\/v2\/pages\/3241","targetHints":{"allow":["GET"]}}],"collection":[{"href":"https:\/\/www.udaberria.eus\/es\/wp-json\/wp\/v2\/pages"}],"about":[{"href":"https:\/\/www.udaberria.eus\/es\/wp-json\/wp\/v2\/types\/page"}],"author":[{"embeddable":true,"href":"https:\/\/www.udaberria.eus\/es\/wp-json\/wp\/v2\/users\/1"}],"replies":[{"embeddable":true,"href":"https:\/\/www.udaberria.eus\/es\/wp-json\/wp\/v2\/comments?post=3241"}],"version-history":[{"count":4,"href":"https:\/\/www.udaberria.eus\/es\/wp-json\/wp\/v2\/pages\/3241\/revisions"}],"predecessor-version":[{"id":3251,"href":"https:\/\/www.udaberria.eus\/es\/wp-json\/wp\/v2\/pages\/3241\/revisions\/3251"}],"wp:attachment":[{"href":"https:\/\/www.udaberria.eus\/es\/wp-json\/wp\/v2\/media?parent=3241"}],"curies":[{"name":"wp","href":"https:\/\/api.w.org\/{rel}","templated":true}]}}