{"id":3131,"date":"2019-12-17T18:50:40","date_gmt":"2019-12-17T17:50:40","guid":{"rendered":"https:\/\/www.udaberria.eus\/enero-junio\/"},"modified":"2026-01-22T18:26:51","modified_gmt":"2026-01-22T17:26:51","slug":"enero-junio","status":"publish","type":"page","link":"https:\/\/www.udaberria.eus\/es\/enero-junio\/","title":{"rendered":"Enero &#8211; Junio"},"content":{"rendered":"<div class=\"wpb-content-wrapper\"><p>[vc_row][vc_column][vc_single_image image=\u00bb2775&#8243; img_size=\u00bbfull\u00bb alignment=\u00bbcenter\u00bb][vc_single_image image=\u00bb2777&#8243; img_size=\u00bbfull\u00bb alignment=\u00bbcenter\u00bb][\/vc_column][\/vc_row][vc_row type=\u00bbvc_default\u00bb disable_element=\u00bbyes\u00bb][vc_column][vc_column_text]<strong>Informaci\u00f3n y matr\u00edcula: <\/strong>Abenda\u00f1o 48<\/p>\n<p class=\"p1\"><b>1 &#8211; <\/b>Se har\u00e1 una prueba de nivel al alumno que no lo acredite, o en el caso de que el centro lo considere necesario. <b>2<\/b>. No se devolver\u00e1 el importe de matr\u00edcula despu\u00e9s de la primera quincena del curso <b>3- <\/b>Si se tuviera que volver a una situaci\u00f3n de confinamiento debido al COVID-19, las clases se dar\u00e1n en modo telem\u00e1tico. <b>4- <\/b>Si no se puede mantener la distancia de seguridad se har\u00e1n turnos entre l@s alumn@s para recibir algunas clases telem\u00e1ticamente, (en streaming).<\/p>\n<p>&nbsp;<\/p>\n<p class=\"rteleft\">Kontu Zenbakiak\u00a0Kutxabank: ES21 2095 3174 56 1090114603<\/p>\n<p class=\"rteleft\">Euskadiko kutxa: ES43 3035 0177 78 1770704222<\/p>\n<p>Rural kutxa: ES08 3008 0160 4839 71982420[\/vc_column_text][\/vc_column][\/vc_row][vc_row type=\u00bbvc_default\u00bb][vc_column][vc_column_text]<\/p>\n<h4>VITORIA-GASTEIZ<\/h4>\n<p><span class=\"s2\"><b>Tel:<\/b><\/span><span class=\"s1\"> 945 22 34 33 \u00a0\u00a0<\/span><span class=\"s3\"><b>Email:<\/b><\/span><span class=\"s4\"> <a href=\"mailto:udaberria@udaberria.eus\"><span class=\"s5\">udaberria@udaberria.eus<\/span><\/a><\/span><\/p>\n<h3><\/h3>\n<p>[\/vc_column_text][vc_custom_heading text=\u00bbContacta con nosotros\u00bb use_theme_fonts=\u00bbyes\u00bb]\n<div class=\"wpcf7 no-js\" id=\"wpcf7-f11-o1\" lang=\"es-ES\" dir=\"ltr\" data-wpcf7-id=\"11\">\n<div class=\"screen-reader-response\"><p role=\"status\" aria-live=\"polite\" aria-atomic=\"true\"><\/p> <ul><\/ul><\/div>\n<form action=\"\/es\/wp-json\/wp\/v2\/pages\/3131#wpcf7-f11-o1\" method=\"post\" class=\"wpcf7-form init\" aria-label=\"Formulario de contacto\" novalidate=\"novalidate\" data-status=\"init\">\n<fieldset class=\"hidden-fields-container\"><input type=\"hidden\" name=\"_wpcf7\" value=\"11\" \/><input type=\"hidden\" name=\"_wpcf7_version\" value=\"6.1.5\" \/><input type=\"hidden\" name=\"_wpcf7_locale\" value=\"es_ES\" \/><input type=\"hidden\" name=\"_wpcf7_unit_tag\" value=\"wpcf7-f11-o1\" \/><input type=\"hidden\" name=\"_wpcf7_container_post\" value=\"0\" \/><input type=\"hidden\" name=\"_wpcf7_posted_data_hash\" value=\"\" \/>\n<\/fieldset>\n<p><label> Nombre*<br \/>\n<span class=\"wpcf7-form-control-wrap\" data-name=\"your-name\"><input size=\"40\" maxlength=\"400\" class=\"wpcf7-form-control wpcf7-text wpcf7-validates-as-required\" aria-required=\"true\" aria-invalid=\"false\" value=\"\" type=\"text\" name=\"your-name\" \/><\/span> <\/label>\n<\/p>\n<p><label> Correo electr\u00f3nico*<br \/>\n<span class=\"wpcf7-form-control-wrap\" data-name=\"your-email\"><input size=\"40\" maxlength=\"400\" class=\"wpcf7-form-control wpcf7-email wpcf7-validates-as-required wpcf7-text wpcf7-validates-as-email\" aria-required=\"true\" aria-invalid=\"false\" value=\"\" type=\"email\" name=\"your-email\" \/><\/span> <\/label>\n<\/p>\n<p><label> Asunto<br \/>\n<span class=\"wpcf7-form-control-wrap\" data-name=\"your-subject\"><input size=\"40\" maxlength=\"400\" class=\"wpcf7-form-control wpcf7-text\" aria-invalid=\"false\" value=\"\" type=\"text\" name=\"your-subject\" \/><\/span> <\/label>\n<\/p>\n<p><label> Mensaje*<br \/>\n<span class=\"wpcf7-form-control-wrap\" data-name=\"your-message\"><textarea cols=\"40\" rows=\"10\" maxlength=\"2000\" class=\"wpcf7-form-control wpcf7-textarea wpcf7-validates-as-required\" aria-required=\"true\" aria-invalid=\"false\" name=\"your-message\"><\/textarea><\/span> <\/label>\n<\/p>\n<p>[recaptcha]\n<\/p>\n<p>INFORMACI\u00d3N B\u00c1SICA SOBRE TRATAMIENTO DE DATOS PERSONALES:<br \/>\nResponsable: UDABERRIA KULTURA ELKARTEA<br \/>\nFinalidad del tratamiento: mantener el contacto y la comunicaci\u00f3n con usted y gestionar las peticiones on line realizadas.<br \/>\nDerechos: Puede, cuando proceda, acceder, rectificar, suprimir, oponerse, pedir la portabilidad de los datos, limitar el tratamiento, y no ser objeto de decisiones s\u00f3lo automatizadas, como se detalla en la informaci\u00f3n adicional y completa que puede ver en nuestra <a  href=https:\/\/www.udaberria.eus\/es\/politica-de-privacidad>pol\u00edtica de privacidad<\/a>.<br \/>\n<label><br \/>\n<span class=\"wpcf7-form-control-wrap\" data-name=\"acepto-politica\"><span class=\"wpcf7-form-control wpcf7-acceptance\"><span class=\"wpcf7-list-item\"><input type=\"checkbox\" name=\"acepto-politica\" value=\"1\" aria-invalid=\"false\" \/><\/span><\/span><\/span>* He le\u00eddo y acepto la pol\u00edtica de privacidad. La aceptaci\u00f3n es necesaria para prestarle el servicio solicitado.<br \/>\n<input class=\"wpcf7-form-control wpcf7-submit has-spinner\" type=\"submit\" value=\"Enviar\" \/><\/label>\n<\/p><div class=\"wpcf7-response-output\" aria-hidden=\"true\"><\/div>\n<\/form>\n<\/div>\n[\/vc_column][\/vc_row]<\/p>\n<\/div>","protected":false},"excerpt":{"rendered":"<p>[vc_row][vc_column][vc_single_image image=\u00bb2775&#8243; img_size=\u00bbfull\u00bb alignment=\u00bbcenter\u00bb][vc_single_image image=\u00bb2777&#8243; img_size=\u00bbfull\u00bb alignment=\u00bbcenter\u00bb][\/vc_column][\/vc_row][vc_row type=\u00bbvc_default\u00bb disable_element=\u00bbyes\u00bb][vc_column][vc_column_text]Informaci\u00f3n y matr\u00edcula: Abenda\u00f1o 48 1 &#8211; Se har\u00e1 una prueba de nivel al alumno que no lo acredite, o en el caso de que el centro lo considere necesario. 2. No se devolver\u00e1 el importe de matr\u00edcula despu\u00e9s de la primera quincena del curso 3- Si&hellip;<\/p>\n","protected":false},"author":1,"featured_media":0,"parent":0,"menu_order":0,"comment_status":"closed","ping_status":"closed","template":"","meta":{"footnotes":""},"class_list":["post-3131","page","type-page","status-publish","hentry","description-off"],"yoast_head":"<!-- This site is optimized with the Yoast SEO plugin v27.1.1 - https:\/\/yoast.com\/product\/yoast-seo-wordpress\/ -->\n<title>Enero - Junio - Udaberria Euskaltegia<\/title>\n<meta name=\"robots\" content=\"index, follow, max-snippet:-1, max-image-preview:large, max-video-preview:-1\" \/>\n<link rel=\"canonical\" href=\"https:\/\/www.udaberria.eus\/es\/enero-junio\/\" \/>\n<meta property=\"og:locale\" content=\"es_ES\" \/>\n<meta property=\"og:type\" content=\"article\" \/>\n<meta property=\"og:title\" content=\"Enero - Junio - Udaberria Euskaltegia\" \/>\n<meta property=\"og:description\" content=\"[vc_row][vc_column][vc_single_image image=\u00bb2775&#8243; img_size=\u00bbfull\u00bb alignment=\u00bbcenter\u00bb][vc_single_image image=\u00bb2777&#8243; img_size=\u00bbfull\u00bb alignment=\u00bbcenter\u00bb][\/vc_column][\/vc_row][vc_row type=\u00bbvc_default\u00bb disable_element=\u00bbyes\u00bb][vc_column][vc_column_text]Informaci\u00f3n y matr\u00edcula: Abenda\u00f1o 48 1 &#8211; Se har\u00e1 una prueba de nivel al alumno que no lo acredite, o en el caso de que el centro lo considere necesario. 2. No se devolver\u00e1 el importe de matr\u00edcula despu\u00e9s de la primera quincena del curso 3- Si&hellip;\" \/>\n<meta property=\"og:url\" content=\"https:\/\/www.udaberria.eus\/es\/enero-junio\/\" \/>\n<meta property=\"og:site_name\" content=\"Udaberria Euskaltegia\" \/>\n<meta property=\"article:modified_time\" content=\"2026-01-22T17:26:51+00:00\" \/>\n<meta property=\"og:image\" content=\"https:\/\/www.udaberria.eus\/wp-content\/uploads\/2016\/10\/helduak.jpg\" \/>\n<meta name=\"twitter:card\" content=\"summary_large_image\" \/>\n<meta name=\"twitter:image\" content=\"https:\/\/www.udaberria.eus\/wp-content\/uploads\/2016\/10\/helduak.jpg\" \/>\n<meta name=\"twitter:label1\" content=\"Tiempo de lectura\" \/>\n\t<meta name=\"twitter:data1\" content=\"1 minuto\" \/>\n<script type=\"application\/ld+json\" class=\"yoast-schema-graph\">{\"@context\":\"https:\/\/schema.org\",\"@graph\":[{\"@type\":\"WebPage\",\"@id\":\"https:\/\/www.udaberria.eus\/es\/enero-junio\/\",\"url\":\"https:\/\/www.udaberria.eus\/es\/enero-junio\/\",\"name\":\"Enero - Junio - Udaberria Euskaltegia\",\"isPartOf\":{\"@id\":\"https:\/\/www.udaberria.eus\/es\/#website\"},\"datePublished\":\"2019-12-17T17:50:40+00:00\",\"dateModified\":\"2026-01-22T17:26:51+00:00\",\"breadcrumb\":{\"@id\":\"https:\/\/www.udaberria.eus\/es\/enero-junio\/#breadcrumb\"},\"inLanguage\":\"es\",\"potentialAction\":[{\"@type\":\"ReadAction\",\"target\":[\"https:\/\/www.udaberria.eus\/es\/enero-junio\/\"]}]},{\"@type\":\"BreadcrumbList\",\"@id\":\"https:\/\/www.udaberria.eus\/es\/enero-junio\/#breadcrumb\",\"itemListElement\":[{\"@type\":\"ListItem\",\"position\":1,\"name\":\"Portada\",\"item\":\"https:\/\/www.udaberria.eus\/es\/\"},{\"@type\":\"ListItem\",\"position\":2,\"name\":\"Enero &#8211; Junio\"}]},{\"@type\":\"WebSite\",\"@id\":\"https:\/\/www.udaberria.eus\/es\/#website\",\"url\":\"https:\/\/www.udaberria.eus\/es\/\",\"name\":\"Udaberria Euskaltegia\",\"description\":\"Euskara bertatik bertara!\",\"potentialAction\":[{\"@type\":\"SearchAction\",\"target\":{\"@type\":\"EntryPoint\",\"urlTemplate\":\"https:\/\/www.udaberria.eus\/es\/?s={search_term_string}\"},\"query-input\":{\"@type\":\"PropertyValueSpecification\",\"valueRequired\":true,\"valueName\":\"search_term_string\"}}],\"inLanguage\":\"es\"}]}<\/script>\n<!-- \/ Yoast SEO plugin. -->","yoast_head_json":{"title":"Enero - Junio - Udaberria Euskaltegia","robots":{"index":"index","follow":"follow","max-snippet":"max-snippet:-1","max-image-preview":"max-image-preview:large","max-video-preview":"max-video-preview:-1"},"canonical":"https:\/\/www.udaberria.eus\/es\/enero-junio\/","og_locale":"es_ES","og_type":"article","og_title":"Enero - Junio - Udaberria Euskaltegia","og_description":"[vc_row][vc_column][vc_single_image image=\u00bb2775&#8243; img_size=\u00bbfull\u00bb alignment=\u00bbcenter\u00bb][vc_single_image image=\u00bb2777&#8243; img_size=\u00bbfull\u00bb alignment=\u00bbcenter\u00bb][\/vc_column][\/vc_row][vc_row type=\u00bbvc_default\u00bb disable_element=\u00bbyes\u00bb][vc_column][vc_column_text]Informaci\u00f3n y matr\u00edcula: Abenda\u00f1o 48 1 &#8211; Se har\u00e1 una prueba de nivel al alumno que no lo acredite, o en el caso de que el centro lo considere necesario. 2. No se devolver\u00e1 el importe de matr\u00edcula despu\u00e9s de la primera quincena del curso 3- Si&hellip;","og_url":"https:\/\/www.udaberria.eus\/es\/enero-junio\/","og_site_name":"Udaberria Euskaltegia","article_modified_time":"2026-01-22T17:26:51+00:00","og_image":[{"url":"https:\/\/www.udaberria.eus\/wp-content\/uploads\/2016\/10\/helduak.jpg","type":"","width":"","height":""}],"twitter_card":"summary_large_image","twitter_image":"https:\/\/www.udaberria.eus\/wp-content\/uploads\/2016\/10\/helduak.jpg","twitter_misc":{"Tiempo de lectura":"1 minuto"},"schema":{"@context":"https:\/\/schema.org","@graph":[{"@type":"WebPage","@id":"https:\/\/www.udaberria.eus\/es\/enero-junio\/","url":"https:\/\/www.udaberria.eus\/es\/enero-junio\/","name":"Enero - Junio - Udaberria Euskaltegia","isPartOf":{"@id":"https:\/\/www.udaberria.eus\/es\/#website"},"datePublished":"2019-12-17T17:50:40+00:00","dateModified":"2026-01-22T17:26:51+00:00","breadcrumb":{"@id":"https:\/\/www.udaberria.eus\/es\/enero-junio\/#breadcrumb"},"inLanguage":"es","potentialAction":[{"@type":"ReadAction","target":["https:\/\/www.udaberria.eus\/es\/enero-junio\/"]}]},{"@type":"BreadcrumbList","@id":"https:\/\/www.udaberria.eus\/es\/enero-junio\/#breadcrumb","itemListElement":[{"@type":"ListItem","position":1,"name":"Portada","item":"https:\/\/www.udaberria.eus\/es\/"},{"@type":"ListItem","position":2,"name":"Enero &#8211; Junio"}]},{"@type":"WebSite","@id":"https:\/\/www.udaberria.eus\/es\/#website","url":"https:\/\/www.udaberria.eus\/es\/","name":"Udaberria Euskaltegia","description":"Euskara bertatik bertara!","potentialAction":[{"@type":"SearchAction","target":{"@type":"EntryPoint","urlTemplate":"https:\/\/www.udaberria.eus\/es\/?s={search_term_string}"},"query-input":{"@type":"PropertyValueSpecification","valueRequired":true,"valueName":"search_term_string"}}],"inLanguage":"es"}]}},"_links":{"self":[{"href":"https:\/\/www.udaberria.eus\/es\/wp-json\/wp\/v2\/pages\/3131","targetHints":{"allow":["GET"]}}],"collection":[{"href":"https:\/\/www.udaberria.eus\/es\/wp-json\/wp\/v2\/pages"}],"about":[{"href":"https:\/\/www.udaberria.eus\/es\/wp-json\/wp\/v2\/types\/page"}],"author":[{"embeddable":true,"href":"https:\/\/www.udaberria.eus\/es\/wp-json\/wp\/v2\/users\/1"}],"replies":[{"embeddable":true,"href":"https:\/\/www.udaberria.eus\/es\/wp-json\/wp\/v2\/comments?post=3131"}],"version-history":[{"count":1,"href":"https:\/\/www.udaberria.eus\/es\/wp-json\/wp\/v2\/pages\/3131\/revisions"}],"predecessor-version":[{"id":3160,"href":"https:\/\/www.udaberria.eus\/es\/wp-json\/wp\/v2\/pages\/3131\/revisions\/3160"}],"wp:attachment":[{"href":"https:\/\/www.udaberria.eus\/es\/wp-json\/wp\/v2\/media?parent=3131"}],"curies":[{"name":"wp","href":"https:\/\/api.w.org\/{rel}","templated":true}]}}