{"id":3047,"date":"2016-11-11T16:17:18","date_gmt":"2016-11-11T15:17:18","guid":{"rendered":"https:\/\/www.udaberria.eus\/irakurketa-jarraitua\/"},"modified":"2026-01-22T18:26:35","modified_gmt":"2026-01-22T17:26:35","slug":"irakurketa-jarraitua","status":"publish","type":"page","link":"https:\/\/www.udaberria.eus\/es\/actividades-culturales\/irakurketa-jarraitua\/","title":{"rendered":"Irakurketa Jarraitua"},"content":{"rendered":"<div class=\"wpb-content-wrapper\"><p>[vc_row][vc_column][vc_column_text]<\/p>\n<p style=\"text-align: justify;\">Una de las actividades que organizamos y que m\u00e1s \u00e9xito tiene, es la Irakurraldi Irekia. Se trata de un d\u00eda de lectura, de una obra en concreto que ha sido seleccionada por el euskaltegi. Adem\u00e1s, siempre tenemos la suerte de contar con la persona que lo ha escrito, que lee una parte del mismo, y con la cual tenemos un coloquio final tras la lectura, en la que nos cuenta las curiosidades de la obra.<\/p>\n<p style=\"text-align: justify;\">Esta activad se realiza todos los a\u00f1os, y podr\u00e1s informarte de ella tanto en euskaltegi como a trav\u00e9s de nuestras redes sociales.<\/p>\n<p>[\/vc_column_text][\/vc_column][\/vc_row][vc_row][vc_column width=\u00bb1\/2&#8243;][vc_single_image image=\u00bb3055&#8243; img_size=\u00bbfull\u00bb style=\u00bbvc_box_border\u00bb onclick=\u00bblink_image\u00bb][\/vc_column][vc_column width=\u00bb1\/2&#8243;][vc_column_text]<\/p>\n<p style=\"text-align: justify;\">Ba al dakizu zer den irakurketa ireki edo\/eta jarraitu bat?<\/p>\n<p style=\"text-align: justify;\">Parte hartu al duzu inoiz halakoren batean?<\/p>\n<p style=\"text-align: justify;\">Irakurketa jarraitu eta ireki baten helburua idazle edo liburu bat omentzea izaten da eta, aldi berean, honako hauek bultzatzea: literatura, hizkuntza jakin bat, irakurzaletasuna, ozenki eta jendaurrean irakurtzearen plazera\u2026<\/p>\n<p style=\"text-align: justify;\">2014.urtetik, Udaberria euskaltegiak urtero-urtero antolatu du irakurraldi irekia helburu horiekin guztiekin. Lagunduko al diguzu zuk aurten zeregin horretan?<\/p>\n<p style=\"text-align: justify;\">Bada, lehenengo eta behin, aurten zein egile eta zein liburu aukeratu dugun jakin nahiko duzu, ezta?<\/p>\n<p style=\"text-align: justify;\">Aurten liburu bat ez, hiru aukeratu ditugu, hirurak Patxi Zubizarreta idazlearenak: <em>Gutun harrigarri bat<\/em> (B1), <em>Mundua lo dagoen bitartean<\/em> (B2) eta <em>Laranja bat zaborretan <\/em>(C1).<\/p>\n<p style=\"text-align: justify;\">Hurrengo asteetan egileari eta liburuei buruzko xehetasun gehiago ezagutu ahal izango dituzu; beraz, egon adi!<\/p>\n<p style=\"text-align: justify;\">Eta irakurketaren egunean parte hartu eta liburuaren zati bat ozenki irakurri nahi baduzu, idatzi: irakurketajarraitua@gmail.com<\/p>\n<p>[\/vc_column_text][\/vc_column][\/vc_row][vc_row][vc_column width=\u00bb1\/2&#8243;][vc_single_image image=\u00bb3054&#8243; img_size=\u00bbfull\u00bb style=\u00bbvc_box_shadow\u00bb onclick=\u00bblink_image\u00bb][\/vc_column][vc_column width=\u00bb1\/2&#8243;][vc_single_image image=\u00bb1087&#8243; img_size=\u00bbfull\u00bb style=\u00bbvc_box_border\u00bb onclick=\u00bblink_image\u00bb][\/vc_column][\/vc_row][vc_row][vc_column width=\u00bb1\/2&#8243;][vc_single_image image=\u00bb3053&#8243; img_size=\u00bbfull\u00bb style=\u00bbvc_box_shadow\u00bb onclick=\u00bblink_image\u00bb][\/vc_column][vc_column width=\u00bb1\/2&#8243;][vc_single_image image=\u00bb3056&#8243; img_size=\u00bbfull\u00bb style=\u00bbvc_box_shadow\u00bb onclick=\u00bblink_image\u00bb][\/vc_column][\/vc_row]<\/p>\n<\/div>","protected":false},"excerpt":{"rendered":"<p>[vc_row][vc_column][vc_column_text] Una de las actividades que organizamos y que m\u00e1s \u00e9xito tiene, es la Irakurraldi Irekia. Se trata de un d\u00eda de lectura, de una obra en concreto que ha sido seleccionada por el euskaltegi. Adem\u00e1s, siempre tenemos la suerte de contar con la persona que lo ha escrito, que lee una parte del mismo,&hellip;<\/p>\n","protected":false},"author":1,"featured_media":0,"parent":3040,"menu_order":0,"comment_status":"closed","ping_status":"closed","template":"","meta":{"footnotes":""},"class_list":["post-3047","page","type-page","status-publish","hentry","description-off"],"yoast_head":"<!-- This site is optimized with the Yoast SEO plugin v27.1.1 - https:\/\/yoast.com\/product\/yoast-seo-wordpress\/ -->\n<title>Irakurketa Jarraitua - Udaberria Euskaltegia<\/title>\n<meta name=\"robots\" content=\"index, follow, max-snippet:-1, max-image-preview:large, max-video-preview:-1\" \/>\n<link rel=\"canonical\" href=\"https:\/\/www.udaberria.eus\/es\/actividades-culturales\/irakurketa-jarraitua\/\" \/>\n<meta property=\"og:locale\" content=\"es_ES\" \/>\n<meta property=\"og:type\" content=\"article\" \/>\n<meta property=\"og:title\" content=\"Irakurketa Jarraitua - Udaberria Euskaltegia\" \/>\n<meta property=\"og:description\" content=\"[vc_row][vc_column][vc_column_text] Una de las actividades que organizamos y que m\u00e1s \u00e9xito tiene, es la Irakurraldi Irekia. Se trata de un d\u00eda de lectura, de una obra en concreto que ha sido seleccionada por el euskaltegi. Adem\u00e1s, siempre tenemos la suerte de contar con la persona que lo ha escrito, que lee una parte del mismo,&hellip;\" \/>\n<meta property=\"og:url\" content=\"https:\/\/www.udaberria.eus\/es\/actividades-culturales\/irakurketa-jarraitua\/\" \/>\n<meta property=\"og:site_name\" content=\"Udaberria Euskaltegia\" \/>\n<meta property=\"article:modified_time\" content=\"2026-01-22T17:26:35+00:00\" \/>\n<meta name=\"twitter:card\" content=\"summary_large_image\" \/>\n<meta name=\"twitter:label1\" content=\"Tiempo de lectura\" \/>\n\t<meta name=\"twitter:data1\" content=\"2 minutos\" \/>\n<script type=\"application\/ld+json\" class=\"yoast-schema-graph\">{\"@context\":\"https:\/\/schema.org\",\"@graph\":[{\"@type\":\"WebPage\",\"@id\":\"https:\/\/www.udaberria.eus\/es\/actividades-culturales\/irakurketa-jarraitua\/\",\"url\":\"https:\/\/www.udaberria.eus\/es\/actividades-culturales\/irakurketa-jarraitua\/\",\"name\":\"Irakurketa Jarraitua - Udaberria Euskaltegia\",\"isPartOf\":{\"@id\":\"https:\/\/www.udaberria.eus\/es\/#website\"},\"datePublished\":\"2016-11-11T15:17:18+00:00\",\"dateModified\":\"2026-01-22T17:26:35+00:00\",\"breadcrumb\":{\"@id\":\"https:\/\/www.udaberria.eus\/es\/actividades-culturales\/irakurketa-jarraitua\/#breadcrumb\"},\"inLanguage\":\"es\",\"potentialAction\":[{\"@type\":\"ReadAction\",\"target\":[\"https:\/\/www.udaberria.eus\/es\/actividades-culturales\/irakurketa-jarraitua\/\"]}]},{\"@type\":\"BreadcrumbList\",\"@id\":\"https:\/\/www.udaberria.eus\/es\/actividades-culturales\/irakurketa-jarraitua\/#breadcrumb\",\"itemListElement\":[{\"@type\":\"ListItem\",\"position\":1,\"name\":\"Portada\",\"item\":\"https:\/\/www.udaberria.eus\/es\/\"},{\"@type\":\"ListItem\",\"position\":2,\"name\":\"Irakurketa Jarraitua\"}]},{\"@type\":\"WebSite\",\"@id\":\"https:\/\/www.udaberria.eus\/es\/#website\",\"url\":\"https:\/\/www.udaberria.eus\/es\/\",\"name\":\"Udaberria Euskaltegia\",\"description\":\"Euskara bertatik bertara!\",\"potentialAction\":[{\"@type\":\"SearchAction\",\"target\":{\"@type\":\"EntryPoint\",\"urlTemplate\":\"https:\/\/www.udaberria.eus\/es\/?s={search_term_string}\"},\"query-input\":{\"@type\":\"PropertyValueSpecification\",\"valueRequired\":true,\"valueName\":\"search_term_string\"}}],\"inLanguage\":\"es\"}]}<\/script>\n<!-- \/ Yoast SEO plugin. -->","yoast_head_json":{"title":"Irakurketa Jarraitua - Udaberria Euskaltegia","robots":{"index":"index","follow":"follow","max-snippet":"max-snippet:-1","max-image-preview":"max-image-preview:large","max-video-preview":"max-video-preview:-1"},"canonical":"https:\/\/www.udaberria.eus\/es\/actividades-culturales\/irakurketa-jarraitua\/","og_locale":"es_ES","og_type":"article","og_title":"Irakurketa Jarraitua - Udaberria Euskaltegia","og_description":"[vc_row][vc_column][vc_column_text] Una de las actividades que organizamos y que m\u00e1s \u00e9xito tiene, es la Irakurraldi Irekia. Se trata de un d\u00eda de lectura, de una obra en concreto que ha sido seleccionada por el euskaltegi. Adem\u00e1s, siempre tenemos la suerte de contar con la persona que lo ha escrito, que lee una parte del mismo,&hellip;","og_url":"https:\/\/www.udaberria.eus\/es\/actividades-culturales\/irakurketa-jarraitua\/","og_site_name":"Udaberria Euskaltegia","article_modified_time":"2026-01-22T17:26:35+00:00","twitter_card":"summary_large_image","twitter_misc":{"Tiempo de lectura":"2 minutos"},"schema":{"@context":"https:\/\/schema.org","@graph":[{"@type":"WebPage","@id":"https:\/\/www.udaberria.eus\/es\/actividades-culturales\/irakurketa-jarraitua\/","url":"https:\/\/www.udaberria.eus\/es\/actividades-culturales\/irakurketa-jarraitua\/","name":"Irakurketa Jarraitua - Udaberria Euskaltegia","isPartOf":{"@id":"https:\/\/www.udaberria.eus\/es\/#website"},"datePublished":"2016-11-11T15:17:18+00:00","dateModified":"2026-01-22T17:26:35+00:00","breadcrumb":{"@id":"https:\/\/www.udaberria.eus\/es\/actividades-culturales\/irakurketa-jarraitua\/#breadcrumb"},"inLanguage":"es","potentialAction":[{"@type":"ReadAction","target":["https:\/\/www.udaberria.eus\/es\/actividades-culturales\/irakurketa-jarraitua\/"]}]},{"@type":"BreadcrumbList","@id":"https:\/\/www.udaberria.eus\/es\/actividades-culturales\/irakurketa-jarraitua\/#breadcrumb","itemListElement":[{"@type":"ListItem","position":1,"name":"Portada","item":"https:\/\/www.udaberria.eus\/es\/"},{"@type":"ListItem","position":2,"name":"Irakurketa Jarraitua"}]},{"@type":"WebSite","@id":"https:\/\/www.udaberria.eus\/es\/#website","url":"https:\/\/www.udaberria.eus\/es\/","name":"Udaberria Euskaltegia","description":"Euskara bertatik bertara!","potentialAction":[{"@type":"SearchAction","target":{"@type":"EntryPoint","urlTemplate":"https:\/\/www.udaberria.eus\/es\/?s={search_term_string}"},"query-input":{"@type":"PropertyValueSpecification","valueRequired":true,"valueName":"search_term_string"}}],"inLanguage":"es"}]}},"_links":{"self":[{"href":"https:\/\/www.udaberria.eus\/es\/wp-json\/wp\/v2\/pages\/3047","targetHints":{"allow":["GET"]}}],"collection":[{"href":"https:\/\/www.udaberria.eus\/es\/wp-json\/wp\/v2\/pages"}],"about":[{"href":"https:\/\/www.udaberria.eus\/es\/wp-json\/wp\/v2\/types\/page"}],"author":[{"embeddable":true,"href":"https:\/\/www.udaberria.eus\/es\/wp-json\/wp\/v2\/users\/1"}],"replies":[{"embeddable":true,"href":"https:\/\/www.udaberria.eus\/es\/wp-json\/wp\/v2\/comments?post=3047"}],"version-history":[{"count":1,"href":"https:\/\/www.udaberria.eus\/es\/wp-json\/wp\/v2\/pages\/3047\/revisions"}],"predecessor-version":[{"id":3063,"href":"https:\/\/www.udaberria.eus\/es\/wp-json\/wp\/v2\/pages\/3047\/revisions\/3063"}],"up":[{"embeddable":true,"href":"https:\/\/www.udaberria.eus\/es\/wp-json\/wp\/v2\/pages\/3040"}],"wp:attachment":[{"href":"https:\/\/www.udaberria.eus\/es\/wp-json\/wp\/v2\/media?parent=3047"}],"curies":[{"name":"wp","href":"https:\/\/api.w.org\/{rel}","templated":true}]}}