{"id":2940,"date":"2016-10-14T18:32:08","date_gmt":"2016-10-14T16:32:08","guid":{"rendered":"https:\/\/www.udaberria.eus\/subvenciones-y-ayudas\/"},"modified":"2026-04-05T03:33:54","modified_gmt":"2026-04-05T01:33:54","slug":"subvenciones-y-ayudas","status":"publish","type":"page","link":"https:\/\/www.udaberria.eus\/es\/subvenciones-y-ayudas\/","title":{"rendered":"Subvenciones y ayudas"},"content":{"rendered":"<div class=\"wpb-content-wrapper\"><p>[vc_row][vc_column][vc_column_text]<\/p>\n<h1 class=\"page-title\"><strong>Ayudas, becas y subvenciones<\/strong><\/h1>\n<h2 class=\"page-title\"><strong style=\"font-size: 14px;\">PARA APRENDER EUSKARA<\/strong><\/h2>\n<h3><\/h3>\n<p>[\/vc_column_text][\/vc_column][\/vc_row][vc_row type=\u00bbvc_default\u00bb gap=\u00bb25&#8243;][vc_column width=\u00bb1\/4&#8243;][vc_single_image image=\u00bb3236&#8243; img_size=\u00bbmedium\u00bb alignment=\u00bbcenter\u00bb css=\u00bb\u00bb][\/vc_column][vc_column width=\u00bb3\/4&#8243;][vc_column_text]<\/p>\n<h3><strong>CONCESI\u00d3N DE SUBVENCI\u00d3N PARA J\u00d3VENES DE 16 A 18 A\u00d1OS<\/strong><\/h3>\n<ul>\n<li>Subvenciones a los alumnos y alumnas que hayan superado o acreditado el nivel<\/li>\n<li>Subvenciones a alumnos y alumnas que cursen el nivel A1<\/li>\n<li>Subvenciones a alumnos y alumnas de 16 a 18 a\u00f1os que tengan como objetivo el nivel C1<\/li>\n<\/ul>\n<p><a href=\"https:\/\/www.habe.euskadi.eus\/ayudas-subvenciones-habe\/webhabe00-edukiak\/es\/\" class=\"btn-shortcode dt-btn-m dt-btn default-btn-color default-btn-hover-color default-btn-bg-color default-btn-bg-hover-color fadeIn animate-element animation-builder\" target=\"_blank\" id=\"dt-btn-1\" rel=\"noopener\"><i class=\"fa fa-chevron-circle-right\"><\/i><span>HABE<\/span><\/a>[\/vc_column_text][vc_empty_space height=\u00bb64px\u00bb][\/vc_column][\/vc_row][vc_row type=\u00bbvc_default\u00bb gap=\u00bb25&#8243;][vc_column width=\u00bb1\/4&#8243;][vc_single_image image=\u00bb3315&#8243; img_size=\u00bbmedium\u00bb alignment=\u00bbcenter\u00bb css=\u00bb\u00bb][\/vc_column][vc_column width=\u00bb3\/4&#8243;][vc_column_text]<\/p>\n<h3><strong>AYUDAS PARA ESTUDIAR EUSKERA<\/strong><\/h3>\n<p><a href=\"https:\/\/sedeelectronica.vitoria-gasteiz.org\/portal\/es\/w\/solicitud-de-ayudas-para-estudiar-euskera-\" class=\"btn-shortcode dt-btn-m dt-btn default-btn-color default-btn-hover-color default-btn-bg-color default-btn-bg-hover-color fadeIn animate-element animation-builder\" target=\"_blank\" id=\"dt-btn-2\" rel=\"noopener\"><i class=\"fa fa-chevron-circle-right\"><\/i><span>AYUNTAMIENTO VITORIA-GASTEIZ<\/span><\/a>[\/vc_column_text][vc_empty_space height=\u00bb64px\u00bb][\/vc_column][\/vc_row][vc_row type=\u00bbvc_default\u00bb gap=\u00bb25&#8243;][vc_column width=\u00bb1\/4&#8243;][vc_single_image image=\u00bb3361&#8243; img_size=\u00bbmedium\u00bb alignment=\u00bbcenter\u00bb css=\u00bb\u00bb][\/vc_column][vc_column width=\u00bb3\/4&#8243;][vc_column_text]<\/p>\n<h3><strong>AYUDAS PARA ESTUDIAR EUSKERA<\/strong><\/h3>\n<p><a href=\"https:\/\/egoitza.araba.eus\/es\/-\/ayudas-destinadas-a-incentivar-la-euskaldunizacion-de-personas-adultas\" class=\"btn-shortcode dt-btn-m dt-btn default-btn-color default-btn-hover-color default-btn-bg-color default-btn-bg-hover-color fadeIn animate-element animation-builder\" target=\"_blank\" id=\"dt-btn-3\" rel=\"noopener\"><i class=\"fa fa-chevron-circle-right\"><\/i><span>DIPUTACI\u00d3N FORAL DE \u00c1LAVA<\/span><\/a>[\/vc_column_text][vc_empty_space height=\u00bb64px\u00bb][\/vc_column][\/vc_row][vc_row type=\u00bbvc_default\u00bb gap=\u00bb25&#8243;][vc_column width=\u00bb1\/4&#8243;][vc_single_image image=\u00bb2951&#8243; img_size=\u00bbmedium\u00bb alignment=\u00bbcenter\u00bb css=\u00bb\u00bb][\/vc_column][vc_column width=\u00bb3\/4&#8243;][vc_column_text]<\/p>\n<h3><strong>C\u00c1MARA DE \u00c1LAVA<\/strong><\/h3>\n<p><a href=\"https:\/\/www.camaradealava.com\/es\/actividades-de-formacion?family=01932b0e-f713-72b3-86ac-b6199af10391\" class=\"btn-shortcode dt-btn-m dt-btn default-btn-color default-btn-hover-color default-btn-bg-color default-btn-bg-hover-color fadeIn animate-element animation-builder\" target=\"_blank\" id=\"dt-btn-4\" rel=\"noopener\"><i class=\"fa fa-chevron-circle-right\"><\/i><span>C\u00c1MARA DE \u00c1LAVA<\/span><\/a>[\/vc_column_text][vc_empty_space height=\u00bb64px\u00bb][\/vc_column][\/vc_row][vc_row type=\u00bbvc_default\u00bb gap=\u00bb25&#8243;][vc_column width=\u00bb1\/4&#8243;][vc_single_image image=\u00bb2950&#8243; img_size=\u00bbmedium\u00bb alignment=\u00bbcenter\u00bb css=\u00bb\u00bb][\/vc_column][vc_column width=\u00bb3\/4&#8243;][vc_column_text]<\/p>\n<h3><strong>LANBIDE<\/strong><\/h3>\n<p><a href=\"https:\/\/www.lanbide.euskadi.eus\/inicio\/?where=ofertas#buscador\" class=\"btn-shortcode dt-btn-m dt-btn default-btn-color default-btn-hover-color default-btn-bg-color default-btn-bg-hover-color fadeIn animate-element animation-builder\" target=\"_blank\" id=\"dt-btn-5\" rel=\"noopener\"><i class=\"fa fa-chevron-circle-right\"><\/i><span>LANBIDE<\/span><\/a>[\/vc_column_text][vc_empty_space height=\u00bb64px\u00bb][\/vc_column][\/vc_row]<\/p>\n<\/div>","protected":false},"excerpt":{"rendered":"<p>[vc_row][vc_column][vc_column_text] Ayudas, becas y subvenciones PARA APRENDER EUSKARA [\/vc_column_text][\/vc_column][\/vc_row][vc_row type=\u00bbvc_default\u00bb gap=\u00bb25&#8243;][vc_column width=\u00bb1\/4&#8243;][vc_single_image image=\u00bb3236&#8243; img_size=\u00bbmedium\u00bb alignment=\u00bbcenter\u00bb css=\u00bb\u00bb][\/vc_column][vc_column width=\u00bb3\/4&#8243;][vc_column_text] CONCESI\u00d3N DE SUBVENCI\u00d3N PARA J\u00d3VENES DE 16 A 18 A\u00d1OS Subvenciones a los alumnos y alumnas que hayan superado o acreditado el nivel Subvenciones a alumnos y alumnas que cursen el nivel A1 Subvenciones a alumnos y alumnas&hellip;<\/p>\n","protected":false},"author":1,"featured_media":0,"parent":0,"menu_order":0,"comment_status":"closed","ping_status":"closed","template":"","meta":{"footnotes":""},"class_list":["post-2940","page","type-page","status-publish","hentry","description-off"],"yoast_head":"<!-- This site is optimized with the Yoast SEO plugin v27.1.1 - https:\/\/yoast.com\/product\/yoast-seo-wordpress\/ -->\n<title>Subvenciones y ayudas - Udaberria Euskaltegia<\/title>\n<meta name=\"robots\" content=\"index, follow, max-snippet:-1, max-image-preview:large, max-video-preview:-1\" \/>\n<link rel=\"canonical\" href=\"https:\/\/www.udaberria.eus\/es\/subvenciones-y-ayudas\/\" \/>\n<meta property=\"og:locale\" content=\"es_ES\" \/>\n<meta property=\"og:type\" content=\"article\" \/>\n<meta property=\"og:title\" content=\"Subvenciones y ayudas - Udaberria Euskaltegia\" \/>\n<meta property=\"og:description\" content=\"[vc_row][vc_column][vc_column_text] Ayudas, becas y subvenciones PARA APRENDER EUSKARA [\/vc_column_text][\/vc_column][\/vc_row][vc_row type=\u00bbvc_default\u00bb gap=\u00bb25&#8243;][vc_column width=\u00bb1\/4&#8243;][vc_single_image image=\u00bb3236&#8243; img_size=\u00bbmedium\u00bb alignment=\u00bbcenter\u00bb css=\u00bb\u00bb][\/vc_column][vc_column width=\u00bb3\/4&#8243;][vc_column_text] CONCESI\u00d3N DE SUBVENCI\u00d3N PARA J\u00d3VENES DE 16 A 18 A\u00d1OS Subvenciones a los alumnos y alumnas que hayan superado o acreditado el nivel Subvenciones a alumnos y alumnas que cursen el nivel A1 Subvenciones a alumnos y alumnas&hellip;\" \/>\n<meta property=\"og:url\" content=\"https:\/\/www.udaberria.eus\/es\/subvenciones-y-ayudas\/\" \/>\n<meta property=\"og:site_name\" content=\"Udaberria Euskaltegia\" \/>\n<meta property=\"article:modified_time\" content=\"2026-04-05T01:33:54+00:00\" \/>\n<meta name=\"twitter:card\" content=\"summary_large_image\" \/>\n<meta name=\"twitter:label1\" content=\"Tiempo de lectura\" \/>\n\t<meta name=\"twitter:data1\" content=\"2 minutos\" \/>\n<script type=\"application\/ld+json\" class=\"yoast-schema-graph\">{\"@context\":\"https:\/\/schema.org\",\"@graph\":[{\"@type\":\"WebPage\",\"@id\":\"https:\/\/www.udaberria.eus\/es\/subvenciones-y-ayudas\/\",\"url\":\"https:\/\/www.udaberria.eus\/es\/subvenciones-y-ayudas\/\",\"name\":\"Subvenciones y ayudas - Udaberria Euskaltegia\",\"isPartOf\":{\"@id\":\"https:\/\/www.udaberria.eus\/es\/#website\"},\"datePublished\":\"2016-10-14T16:32:08+00:00\",\"dateModified\":\"2026-04-05T01:33:54+00:00\",\"breadcrumb\":{\"@id\":\"https:\/\/www.udaberria.eus\/es\/subvenciones-y-ayudas\/#breadcrumb\"},\"inLanguage\":\"es\",\"potentialAction\":[{\"@type\":\"ReadAction\",\"target\":[\"https:\/\/www.udaberria.eus\/es\/subvenciones-y-ayudas\/\"]}]},{\"@type\":\"BreadcrumbList\",\"@id\":\"https:\/\/www.udaberria.eus\/es\/subvenciones-y-ayudas\/#breadcrumb\",\"itemListElement\":[{\"@type\":\"ListItem\",\"position\":1,\"name\":\"Portada\",\"item\":\"https:\/\/www.udaberria.eus\/es\/\"},{\"@type\":\"ListItem\",\"position\":2,\"name\":\"Subvenciones y ayudas\"}]},{\"@type\":\"WebSite\",\"@id\":\"https:\/\/www.udaberria.eus\/es\/#website\",\"url\":\"https:\/\/www.udaberria.eus\/es\/\",\"name\":\"Udaberria Euskaltegia\",\"description\":\"Euskara bertatik bertara!\",\"potentialAction\":[{\"@type\":\"SearchAction\",\"target\":{\"@type\":\"EntryPoint\",\"urlTemplate\":\"https:\/\/www.udaberria.eus\/es\/?s={search_term_string}\"},\"query-input\":{\"@type\":\"PropertyValueSpecification\",\"valueRequired\":true,\"valueName\":\"search_term_string\"}}],\"inLanguage\":\"es\"}]}<\/script>\n<!-- \/ Yoast SEO plugin. -->","yoast_head_json":{"title":"Subvenciones y ayudas - Udaberria Euskaltegia","robots":{"index":"index","follow":"follow","max-snippet":"max-snippet:-1","max-image-preview":"max-image-preview:large","max-video-preview":"max-video-preview:-1"},"canonical":"https:\/\/www.udaberria.eus\/es\/subvenciones-y-ayudas\/","og_locale":"es_ES","og_type":"article","og_title":"Subvenciones y ayudas - Udaberria Euskaltegia","og_description":"[vc_row][vc_column][vc_column_text] Ayudas, becas y subvenciones PARA APRENDER EUSKARA [\/vc_column_text][\/vc_column][\/vc_row][vc_row type=\u00bbvc_default\u00bb gap=\u00bb25&#8243;][vc_column width=\u00bb1\/4&#8243;][vc_single_image image=\u00bb3236&#8243; img_size=\u00bbmedium\u00bb alignment=\u00bbcenter\u00bb css=\u00bb\u00bb][\/vc_column][vc_column width=\u00bb3\/4&#8243;][vc_column_text] CONCESI\u00d3N DE SUBVENCI\u00d3N PARA J\u00d3VENES DE 16 A 18 A\u00d1OS Subvenciones a los alumnos y alumnas que hayan superado o acreditado el nivel Subvenciones a alumnos y alumnas que cursen el nivel A1 Subvenciones a alumnos y alumnas&hellip;","og_url":"https:\/\/www.udaberria.eus\/es\/subvenciones-y-ayudas\/","og_site_name":"Udaberria Euskaltegia","article_modified_time":"2026-04-05T01:33:54+00:00","twitter_card":"summary_large_image","twitter_misc":{"Tiempo de lectura":"2 minutos"},"schema":{"@context":"https:\/\/schema.org","@graph":[{"@type":"WebPage","@id":"https:\/\/www.udaberria.eus\/es\/subvenciones-y-ayudas\/","url":"https:\/\/www.udaberria.eus\/es\/subvenciones-y-ayudas\/","name":"Subvenciones y ayudas - Udaberria Euskaltegia","isPartOf":{"@id":"https:\/\/www.udaberria.eus\/es\/#website"},"datePublished":"2016-10-14T16:32:08+00:00","dateModified":"2026-04-05T01:33:54+00:00","breadcrumb":{"@id":"https:\/\/www.udaberria.eus\/es\/subvenciones-y-ayudas\/#breadcrumb"},"inLanguage":"es","potentialAction":[{"@type":"ReadAction","target":["https:\/\/www.udaberria.eus\/es\/subvenciones-y-ayudas\/"]}]},{"@type":"BreadcrumbList","@id":"https:\/\/www.udaberria.eus\/es\/subvenciones-y-ayudas\/#breadcrumb","itemListElement":[{"@type":"ListItem","position":1,"name":"Portada","item":"https:\/\/www.udaberria.eus\/es\/"},{"@type":"ListItem","position":2,"name":"Subvenciones y ayudas"}]},{"@type":"WebSite","@id":"https:\/\/www.udaberria.eus\/es\/#website","url":"https:\/\/www.udaberria.eus\/es\/","name":"Udaberria Euskaltegia","description":"Euskara bertatik bertara!","potentialAction":[{"@type":"SearchAction","target":{"@type":"EntryPoint","urlTemplate":"https:\/\/www.udaberria.eus\/es\/?s={search_term_string}"},"query-input":{"@type":"PropertyValueSpecification","valueRequired":true,"valueName":"search_term_string"}}],"inLanguage":"es"}]}},"_links":{"self":[{"href":"https:\/\/www.udaberria.eus\/es\/wp-json\/wp\/v2\/pages\/2940","targetHints":{"allow":["GET"]}}],"collection":[{"href":"https:\/\/www.udaberria.eus\/es\/wp-json\/wp\/v2\/pages"}],"about":[{"href":"https:\/\/www.udaberria.eus\/es\/wp-json\/wp\/v2\/types\/page"}],"author":[{"embeddable":true,"href":"https:\/\/www.udaberria.eus\/es\/wp-json\/wp\/v2\/users\/1"}],"replies":[{"embeddable":true,"href":"https:\/\/www.udaberria.eus\/es\/wp-json\/wp\/v2\/comments?post=2940"}],"version-history":[{"count":6,"href":"https:\/\/www.udaberria.eus\/es\/wp-json\/wp\/v2\/pages\/2940\/revisions"}],"predecessor-version":[{"id":3362,"href":"https:\/\/www.udaberria.eus\/es\/wp-json\/wp\/v2\/pages\/2940\/revisions\/3362"}],"wp:attachment":[{"href":"https:\/\/www.udaberria.eus\/es\/wp-json\/wp\/v2\/media?parent=2940"}],"curies":[{"name":"wp","href":"https:\/\/api.w.org\/{rel}","templated":true}]}}