{"id":2923,"date":"2016-10-14T17:56:47","date_gmt":"2016-10-14T15:56:47","guid":{"rendered":"https:\/\/www.udaberria.eus\/quienes-somos\/"},"modified":"2026-03-23T13:14:11","modified_gmt":"2026-03-23T12:14:11","slug":"quienes-somos","status":"publish","type":"page","link":"https:\/\/www.udaberria.eus\/es\/quienes-somos\/","title":{"rendered":"Qui\u00e9nes somos"},"content":{"rendered":"<div class=\"wpb-content-wrapper\"><p>[vc_row][vc_column width=\u00bb1\/4&#8243;][vc_single_image image=\u00bb3189&#8243; img_size=\u00bbfull\u00bb alignment=\u00bbright\u00bb css=\u00bb\u00bb][\/vc_column][vc_column width=\u00bb3\/4&#8243;][vc_single_image image=\u00bb2930&#8243; img_size=\u00bbfull\u00bb alignment=\u00bbcenter\u00bb css=\u00bb\u00bb][\/vc_column][\/vc_row][vc_row type=\u00bbvc_default\u00bb gap=\u00bb25&#8243; content_placement=\u00bbmiddle\u00bb][vc_column width=\u00bb1\/2&#8243;][vc_column_text css=\u00bb\u00bb]<\/p>\n<p style=\"text-align: justify;\">Udaberria euskaltegia lleva m\u00e1s de 50 a\u00f1os trabajando en la euskaldunizaci\u00f3n de adultos, j\u00f3venes y ni\u00f1os de Vitoria, y casi 30 a\u00f1os en Ordu\u00f1a. Con el paso del tiempo, hemos tenido que realizar algunos cambios, pero en esencia seguimos manteniendo nuestra filosof\u00eda, y trabajamos para que el alumnado consiga sus objetivos lo antes y m\u00e1s c\u00f3modamente posible, utilizando todos los medios de aprendizaje de los que disponemos hoy en d\u00eda y enfrent\u00e1ndonos a nuevos retos continuamente.<\/p>\n<p style=\"text-align: justify;\">Nuestro <strong>principal objetivo<\/strong> es fomentar el aspecto comunicativo y el uso de la lengua; es decir, deseamos que el alumnado, adem\u00e1s de <strong>aprender la lengua y la cultura vasca, la sienta como propia, y para ello ponemos el foco en el uso (actividades extraescolares, internados, lecturas abiertas, concursos&#8230;).<\/strong><\/p>\n<p style=\"text-align: justify;\">Al fin y al cabo, para que nuestro entorno sea cada vez m\u00e1s euskaldun, es imprescindible que conozcamos la lengua y utilicemos todos los medios a nuestro alcance para fomentar su uso.<\/p>\n<p>[\/vc_column_text][\/vc_column][vc_column width=\u00bb1\/2&#8243;][vc_single_image image=\u00bb2936&#8243; img_size=\u00bbfull\u00bb][\/vc_column][\/vc_row][vc_row type=\u00bbvc_default\u00bb gap=\u00bb25&#8243; content_placement=\u00bbmiddle\u00bb css=\u00bb.vc_custom_1773720579844{padding: 30px !important;border: 2px solid #95C11F !important;}\u00bb][vc_column width=\u00bb1\/2&#8243;]<div id=\"ultimate-heading-76966a046de085f30\" class=\"uvc-heading ult-adjust-bottom-margin ultimate-heading-76966a046de085f30 uvc-8994 \" data-hspacer=\"line_only\"  data-halign=\"center\" style=\"text-align:center\"><div class=\"uvc-main-heading ult-responsive\"  data-ultimate-target='.uvc-heading.ultimate-heading-76966a046de085f30 h2'  data-responsive-json-new='{\"font-size\":\"desktop:40px;\",\"line-height\":\"desktop:60px;\"}' ><h2 style=\"--font-weight:theme;margin-top:0px;margin-bottom:20px;\">Udaberria euskaltegia es un centro homologado por HABE<\/h2><\/div><div class=\"uvc-heading-spacer line_only\" style=\"topheight:4px;\"><span class=\"uvc-headings-line\" style=\"border-style:solid;border-bottom-width:4px;border-color:#7E1974;width:50px;\"><\/span><\/div><div class=\"uvc-sub-heading ult-responsive\"  data-ultimate-target='.uvc-heading.ultimate-heading-76966a046de085f30 .uvc-sub-heading '  data-responsive-json-new='{\"font-size\":\"desktop:20px;\",\"line-height\":\"desktop:30px;\"}'  style=\"font-weight:normal;margin-top:20px;margin-bottom:40px;\">Est\u00e1 adscrito al Departamento de Cultura del Gobierno Vasco y es miembro de la Federaci\u00f3n de Euskaltegis Homologados Batuz<\/div><\/div>[\/vc_column][vc_column width=\u00bb1\/4&#8243;][vc_single_image image=\u00bb3236&#8243; img_size=\u00bbfull\u00bb alignment=\u00bbcenter\u00bb css=\u00bb\u00bb][\/vc_column][vc_column width=\u00bb1\/4&#8243;][vc_single_image image=\u00bb3235&#8243; img_size=\u00bbfull\u00bb alignment=\u00bbcenter\u00bb css=\u00bb\u00bb][\/vc_column][\/vc_row][vc_row][vc_column]<div id=\"ultimate-heading-23636a046de085fd2\" class=\"uvc-heading ult-adjust-bottom-margin ultimate-heading-23636a046de085fd2 uvc-2372 \" data-hspacer=\"line_only\"  data-halign=\"center\" style=\"text-align:center\"><div class=\"uvc-main-heading ult-responsive\"  data-ultimate-target='.uvc-heading.ultimate-heading-23636a046de085fd2 h2'  data-responsive-json-new='{\"font-size\":\"desktop:40px;\",\"line-height\":\"desktop:60px;\"}' ><h2 style=\"--font-weight:theme;margin-top:0px;margin-bottom:20px;\">Descubre nuestros Cursos<\/h2><\/div><div class=\"uvc-heading-spacer line_only\" style=\"topheight:4px;\"><span class=\"uvc-headings-line\" style=\"border-style:solid;border-bottom-width:4px;border-color:#7E1974;width:50px;\"><\/span><\/div><div class=\"uvc-sub-heading ult-responsive\"  data-ultimate-target='.uvc-heading.ultimate-heading-23636a046de085fd2 .uvc-sub-heading '  data-responsive-json-new='{\"font-size\":\"desktop:20px;\",\"line-height\":\"desktop:30px;\"}'  style=\"font-weight:normal;margin-top:20px;margin-bottom:40px;\">Cursos Homologados por HABE para todos los niveles (A1 &#8211; C2) y todas las edades<\/div><\/div>[\/vc_column][\/vc_row][vc_row][vc_column][vc_row_inner gap=\u00bb25&#8243;][vc_column_inner width=\u00bb1\/3&#8243;]<div tabindex=\"0\" class=\"ult-new-ib ult-ib-effect-style6  ult-ib-resp  \" data-min-width=\"768\" data-max-width=\"900\" style=\"background:#7E1974;\" data-opacity=\"0.6\" data-hover-opacity=\"0.3\" ><img decoding=\"async\" class=\"ult-new-ib-img\" style=\"opacity:0.6;\" alt=\"null\" src=\"https:\/\/www.udaberria.eus\/wp-content\/uploads\/2016\/09\/Adultos-Helduak-3.jpg\"   \/><div id=\"interactive-banner-wrap-9693\" class=\"ult-new-ib-desc\" style=\"\"><h2 class=\"ult-new-ib-title ult-responsive\"  data-ultimate-target='#interactive-banner-wrap-9693 .ult-new-ib-title'  data-responsive-json-new='{\"font-size\":\"desktop:30px;\",\"line-height\":\"desktop:45px;\"}'  style=\"font-weight:normal;\">Curso 25\/26<\/h2><div class=\"ult-new-ib-content ult-responsive\"  data-ultimate-target='#interactive-banner-wrap-9693 .ult-new-ib-content'  data-responsive-json-new='{\"font-size\":\"desktop:16px;\",\"line-height\":\"desktop:24px;\"}'  style=\"font-weight:normal;\"><p>Cursos homologados A1 - C2<\/p><\/div><\/div><a class=\"ult-new-ib-link\" href=\"https:\/\/www.udaberria.eus\/es\/curso-2025-2026\/\" title=\"Curso 2025-2026\"  ><\/a><\/div>[\/vc_column_inner][vc_column_inner width=\u00bb1\/3&#8243;]<div tabindex=\"0\" class=\"ult-new-ib ult-ib-effect-style6  ult-ib-resp  \" data-min-width=\"768\" data-max-width=\"900\" style=\"background:#7E1974;\" data-opacity=\"0.6\" data-hover-opacity=\"0.3\" ><img decoding=\"async\" class=\"ult-new-ib-img\" style=\"opacity:0.6;\" alt=\"null\" src=\"https:\/\/www.udaberria.eus\/wp-content\/uploads\/2022\/11\/euskaltegi-vitoria-gasteiz-udaberria-jovenes-ninos.jpg\"   \/><div id=\"interactive-banner-wrap-8147\" class=\"ult-new-ib-desc\" style=\"\"><h2 class=\"ult-new-ib-title ult-responsive\"  data-ultimate-target='#interactive-banner-wrap-8147 .ult-new-ib-title'  data-responsive-json-new='{\"font-size\":\"desktop:30px;\",\"line-height\":\"desktop:45px;\"}'  style=\"font-weight:normal;\">Enero - Junio<\/h2><div class=\"ult-new-ib-content ult-responsive\"  data-ultimate-target='#interactive-banner-wrap-8147 .ult-new-ib-content'  data-responsive-json-new='{\"font-size\":\"desktop:16px;\",\"line-height\":\"desktop:24px;\"}'  style=\"font-weight:normal;\"><p>Cursos homologados A1 - C2<\/p><\/div><\/div><a class=\"ult-new-ib-link\" href=\"https:\/\/www.udaberria.eus\/es\/enero-junio\/\" title=\"Curso 2025-2026\"  ><\/a><\/div>[\/vc_column_inner][vc_column_inner width=\u00bb1\/3&#8243;]<div tabindex=\"0\" class=\"ult-new-ib ult-ib-effect-style6  ult-ib-resp  \" data-min-width=\"768\" data-max-width=\"900\" style=\"background:#7E1974;\" data-opacity=\"0.6\" data-hover-opacity=\"0.3\" ><img decoding=\"async\" class=\"ult-new-ib-img\" style=\"opacity:0.6;\" alt=\"null\" src=\"https:\/\/www.udaberria.eus\/wp-content\/uploads\/2016\/09\/Ninos-jovenes-humeak-gazteak.jpg\"   \/><div id=\"interactive-banner-wrap-8658\" class=\"ult-new-ib-desc\" style=\"\"><h2 class=\"ult-new-ib-title ult-responsive\"  data-ultimate-target='#interactive-banner-wrap-8658 .ult-new-ib-title'  data-responsive-json-new='{\"font-size\":\"desktop:30px;\",\"line-height\":\"desktop:45px;\"}'  style=\"font-weight:normal;\">Ni\u00f1@s y j\u00f3venes<\/h2><div class=\"ult-new-ib-content ult-responsive\"  data-ultimate-target='#interactive-banner-wrap-8658 .ult-new-ib-content'  data-responsive-json-new='{\"font-size\":\"desktop:16px;\",\"line-height\":\"desktop:24px;\"}'  style=\"font-weight:normal;\"><p>Educaci\u00f3n Primaria - ESO<\/p><\/div><\/div><a class=\"ult-new-ib-link\" href=\"https:\/\/www.udaberria.eus\/es\/ninos-y-jovenes\/\" title=\"Curso 2025-2026\"  ><\/a><\/div>[\/vc_column_inner][\/vc_row_inner][vc_row_inner gap=\u00bb25&#8243;][vc_column_inner width=\u00bb1\/3&#8243;]<div tabindex=\"0\" class=\"ult-new-ib ult-ib-effect-style6  ult-ib-resp  \" data-min-width=\"768\" data-max-width=\"900\" style=\"background:#7E1974;\" data-opacity=\"0.6\" data-hover-opacity=\"0.3\" ><img decoding=\"async\" class=\"ult-new-ib-img\" style=\"opacity:0.6;\" alt=\"null\" src=\"https:\/\/www.udaberria.eus\/wp-content\/uploads\/2016\/09\/online-ikastaroak.jpg\"   \/><div id=\"interactive-banner-wrap-2346\" class=\"ult-new-ib-desc\" style=\"\"><h2 class=\"ult-new-ib-title ult-responsive\"  data-ultimate-target='#interactive-banner-wrap-2346 .ult-new-ib-title'  data-responsive-json-new='{\"font-size\":\"desktop:30px;\",\"line-height\":\"desktop:45px;\"}'  style=\"font-weight:normal;\">Cursos on line<\/h2><div class=\"ult-new-ib-content ult-responsive\"  data-ultimate-target='#interactive-banner-wrap-2346 .ult-new-ib-content'  data-responsive-json-new='{\"font-size\":\"desktop:16px;\",\"line-height\":\"desktop:24px;\"}'  style=\"font-weight:normal;\"><p>Cursos homologados por HABE<br \/>\nAutoaprendizaje<\/p><\/div><\/div><a class=\"ult-new-ib-link\" href=\"https:\/\/www.udaberria.eus\/es\/cursos-on-line-euskera\/\" title=\"Curso 2025-2026\"  ><\/a><\/div>[\/vc_column_inner][vc_column_inner width=\u00bb1\/3&#8243;]<div tabindex=\"0\" class=\"ult-new-ib ult-ib-effect-style6  ult-ib-resp  \" data-min-width=\"768\" data-max-width=\"900\" style=\"background:#7E1974;\" data-opacity=\"0.6\" data-hover-opacity=\"0.3\" ><img decoding=\"async\" class=\"ult-new-ib-img\" style=\"opacity:0.6;\" alt=\"null\" src=\"https:\/\/www.udaberria.eus\/wp-content\/uploads\/2026\/03\/udaberria-euskaltegia-vitoria-gasteiz-verano.jpg\"   \/><div id=\"interactive-banner-wrap-2227\" class=\"ult-new-ib-desc\" style=\"\"><h2 class=\"ult-new-ib-title ult-responsive\"  data-ultimate-target='#interactive-banner-wrap-2227 .ult-new-ib-title'  data-responsive-json-new='{\"font-size\":\"desktop:30px;\",\"line-height\":\"desktop:45px;\"}'  style=\"font-weight:normal;\">Intensivos verano<\/h2><div class=\"ult-new-ib-content ult-responsive\"  data-ultimate-target='#interactive-banner-wrap-2227 .ult-new-ib-content'  data-responsive-json-new='{\"font-size\":\"desktop:16px;\",\"line-height\":\"desktop:24px;\"}'  style=\"font-weight:normal;\"><p>Cursos homologados A1 - C2<\/p><\/div><\/div><a class=\"ult-new-ib-link\" href=\"https:\/\/www.udaberria.eus\/es\/verano-2025-cursos-intensivos-de-euskera-adultos\/\" title=\"Curso 2025-2026\"  ><\/a><\/div>[\/vc_column_inner][vc_column_inner width=\u00bb1\/3&#8243;]<div tabindex=\"0\" class=\"ult-new-ib ult-ib-effect-style6  ult-ib-resp  \" data-min-width=\"768\" data-max-width=\"900\" style=\"background:#7E1974;\" data-opacity=\"0.6\" data-hover-opacity=\"0.3\" ><img decoding=\"async\" class=\"ult-new-ib-img\" style=\"opacity:0.6;\" alt=\"null\" src=\"https:\/\/www.udaberria.eus\/wp-content\/uploads\/2026\/03\/udaberria-euskaltegia-vitoria-gasteiz-verano-ninos.jpg\"   \/><div id=\"interactive-banner-wrap-3540\" class=\"ult-new-ib-desc\" style=\"\"><h2 class=\"ult-new-ib-title ult-responsive\"  data-ultimate-target='#interactive-banner-wrap-3540 .ult-new-ib-title'  data-responsive-json-new='{\"font-size\":\"desktop:30px;\",\"line-height\":\"desktop:45px;\"}'  style=\"font-weight:normal;\">Intensivos verano ni\u00f1@s y j\u00f3venes<\/h2><div class=\"ult-new-ib-content ult-responsive\"  data-ultimate-target='#interactive-banner-wrap-3540 .ult-new-ib-content'  data-responsive-json-new='{\"font-size\":\"desktop:16px;\",\"line-height\":\"desktop:24px;\"}'  style=\"font-weight:normal;\"><p>Cursos presenciales ni\u00f1@s y j\u00f3venes 9 - 16 a\u00f1os<\/p><\/div><\/div><a class=\"ult-new-ib-link\" href=\"https:\/\/www.udaberria.eus\/es\/verano-2025-cursos-intensivos-de-euskera-ninos-ninas-y-jovenes\/\" title=\"Curso 2025-2026\"  ><\/a><\/div>[\/vc_column_inner][\/vc_row_inner][vc_row_inner gap=\u00bb25&#8243;][vc_column_inner width=\u00bb1\/3&#8243;]<div tabindex=\"0\" class=\"ult-new-ib ult-ib-effect-style6  ult-ib-resp  \" data-min-width=\"768\" data-max-width=\"900\" style=\"background:#7E1974;\" data-opacity=\"0.6\" data-hover-opacity=\"0.3\" ><img decoding=\"async\" class=\"ult-new-ib-img\" style=\"opacity:0.6;\" alt=\"null\" src=\"https:\/\/www.udaberria.eus\/wp-content\/uploads\/2026\/03\/udaberria-euskaltegia-vitoria-gasteiz-orduna.jpg\"   \/><div id=\"interactive-banner-wrap-1257\" class=\"ult-new-ib-desc\" style=\"\"><h2 class=\"ult-new-ib-title ult-responsive\"  data-ultimate-target='#interactive-banner-wrap-1257 .ult-new-ib-title'  data-responsive-json-new='{\"font-size\":\"desktop:30px;\",\"line-height\":\"desktop:45px;\"}'  style=\"font-weight:normal;\">Ordu\u00f1a<\/h2><div class=\"ult-new-ib-content ult-responsive\"  data-ultimate-target='#interactive-banner-wrap-1257 .ult-new-ib-content'  data-responsive-json-new='{\"font-size\":\"desktop:16px;\",\"line-height\":\"desktop:24px;\"}'  style=\"font-weight:normal;\"><p>Cursos homologados A1 - C2<\/p><\/div><\/div><a class=\"ult-new-ib-link\" href=\"https:\/\/www.udaberria.eus\/es\/orduna\/\" title=\"Curso 2025-2026\"  ><\/a><\/div>[\/vc_column_inner][vc_column_inner width=\u00bb1\/3&#8243;][\/vc_column_inner][vc_column_inner width=\u00bb1\/3&#8243;][\/vc_column_inner][\/vc_row_inner][\/vc_column][\/vc_row]<\/p>\n<\/div>","protected":false},"excerpt":{"rendered":"<p>[vc_row][vc_column width=\u00bb1\/4&#8243;][vc_single_image image=\u00bb3189&#8243; img_size=\u00bbfull\u00bb alignment=\u00bbright\u00bb css=\u00bb\u00bb][\/vc_column][vc_column width=\u00bb3\/4&#8243;][vc_single_image image=\u00bb2930&#8243; img_size=\u00bbfull\u00bb alignment=\u00bbcenter\u00bb css=\u00bb\u00bb][\/vc_column][\/vc_row][vc_row type=\u00bbvc_default\u00bb gap=\u00bb25&#8243; content_placement=\u00bbmiddle\u00bb][vc_column width=\u00bb1\/2&#8243;][vc_column_text css=\u00bb\u00bb] Udaberria euskaltegia lleva m\u00e1s de 50 a\u00f1os trabajando en la euskaldunizaci\u00f3n de adultos, j\u00f3venes y ni\u00f1os de Vitoria, y casi 30 a\u00f1os en Ordu\u00f1a. Con el paso del tiempo, hemos tenido que realizar algunos cambios, pero en esencia seguimos&hellip;<\/p>\n","protected":false},"author":1,"featured_media":0,"parent":0,"menu_order":0,"comment_status":"closed","ping_status":"closed","template":"","meta":{"footnotes":""},"class_list":["post-2923","page","type-page","status-publish","hentry","description-off"],"yoast_head":"<!-- This site is optimized with the Yoast SEO plugin v27.1.1 - https:\/\/yoast.com\/product\/yoast-seo-wordpress\/ -->\n<title>Qui\u00e9nes somos - Udaberria Euskaltegia<\/title>\n<meta name=\"robots\" content=\"index, follow, max-snippet:-1, max-image-preview:large, max-video-preview:-1\" \/>\n<link rel=\"canonical\" href=\"https:\/\/www.udaberria.eus\/es\/quienes-somos\/\" \/>\n<meta property=\"og:locale\" content=\"es_ES\" \/>\n<meta property=\"og:type\" content=\"article\" \/>\n<meta property=\"og:title\" content=\"Qui\u00e9nes somos - Udaberria Euskaltegia\" \/>\n<meta property=\"og:description\" content=\"[vc_row][vc_column width=\u00bb1\/4&#8243;][vc_single_image image=\u00bb3189&#8243; img_size=\u00bbfull\u00bb alignment=\u00bbright\u00bb css=\u00bb\u00bb][\/vc_column][vc_column width=\u00bb3\/4&#8243;][vc_single_image image=\u00bb2930&#8243; img_size=\u00bbfull\u00bb alignment=\u00bbcenter\u00bb css=\u00bb\u00bb][\/vc_column][\/vc_row][vc_row type=\u00bbvc_default\u00bb gap=\u00bb25&#8243; content_placement=\u00bbmiddle\u00bb][vc_column width=\u00bb1\/2&#8243;][vc_column_text css=\u00bb\u00bb] Udaberria euskaltegia lleva m\u00e1s de 50 a\u00f1os trabajando en la euskaldunizaci\u00f3n de adultos, j\u00f3venes y ni\u00f1os de Vitoria, y casi 30 a\u00f1os en Ordu\u00f1a. Con el paso del tiempo, hemos tenido que realizar algunos cambios, pero en esencia seguimos&hellip;\" \/>\n<meta property=\"og:url\" content=\"https:\/\/www.udaberria.eus\/es\/quienes-somos\/\" \/>\n<meta property=\"og:site_name\" content=\"Udaberria Euskaltegia\" \/>\n<meta property=\"article:modified_time\" content=\"2026-03-23T12:14:11+00:00\" \/>\n<meta name=\"twitter:card\" content=\"summary_large_image\" \/>\n<meta name=\"twitter:label1\" content=\"Tiempo de lectura\" \/>\n\t<meta name=\"twitter:data1\" content=\"2 minutos\" \/>\n<script type=\"application\/ld+json\" class=\"yoast-schema-graph\">{\"@context\":\"https:\/\/schema.org\",\"@graph\":[{\"@type\":\"WebPage\",\"@id\":\"https:\/\/www.udaberria.eus\/es\/quienes-somos\/\",\"url\":\"https:\/\/www.udaberria.eus\/es\/quienes-somos\/\",\"name\":\"Qui\u00e9nes somos - Udaberria Euskaltegia\",\"isPartOf\":{\"@id\":\"https:\/\/www.udaberria.eus\/es\/#website\"},\"datePublished\":\"2016-10-14T15:56:47+00:00\",\"dateModified\":\"2026-03-23T12:14:11+00:00\",\"breadcrumb\":{\"@id\":\"https:\/\/www.udaberria.eus\/es\/quienes-somos\/#breadcrumb\"},\"inLanguage\":\"es\",\"potentialAction\":[{\"@type\":\"ReadAction\",\"target\":[\"https:\/\/www.udaberria.eus\/es\/quienes-somos\/\"]}]},{\"@type\":\"BreadcrumbList\",\"@id\":\"https:\/\/www.udaberria.eus\/es\/quienes-somos\/#breadcrumb\",\"itemListElement\":[{\"@type\":\"ListItem\",\"position\":1,\"name\":\"Portada\",\"item\":\"https:\/\/www.udaberria.eus\/es\/\"},{\"@type\":\"ListItem\",\"position\":2,\"name\":\"Qui\u00e9nes somos\"}]},{\"@type\":\"WebSite\",\"@id\":\"https:\/\/www.udaberria.eus\/es\/#website\",\"url\":\"https:\/\/www.udaberria.eus\/es\/\",\"name\":\"Udaberria Euskaltegia\",\"description\":\"Euskara bertatik bertara!\",\"potentialAction\":[{\"@type\":\"SearchAction\",\"target\":{\"@type\":\"EntryPoint\",\"urlTemplate\":\"https:\/\/www.udaberria.eus\/es\/?s={search_term_string}\"},\"query-input\":{\"@type\":\"PropertyValueSpecification\",\"valueRequired\":true,\"valueName\":\"search_term_string\"}}],\"inLanguage\":\"es\"}]}<\/script>\n<!-- \/ Yoast SEO plugin. -->","yoast_head_json":{"title":"Qui\u00e9nes somos - Udaberria Euskaltegia","robots":{"index":"index","follow":"follow","max-snippet":"max-snippet:-1","max-image-preview":"max-image-preview:large","max-video-preview":"max-video-preview:-1"},"canonical":"https:\/\/www.udaberria.eus\/es\/quienes-somos\/","og_locale":"es_ES","og_type":"article","og_title":"Qui\u00e9nes somos - Udaberria Euskaltegia","og_description":"[vc_row][vc_column width=\u00bb1\/4&#8243;][vc_single_image image=\u00bb3189&#8243; img_size=\u00bbfull\u00bb alignment=\u00bbright\u00bb css=\u00bb\u00bb][\/vc_column][vc_column width=\u00bb3\/4&#8243;][vc_single_image image=\u00bb2930&#8243; img_size=\u00bbfull\u00bb alignment=\u00bbcenter\u00bb css=\u00bb\u00bb][\/vc_column][\/vc_row][vc_row type=\u00bbvc_default\u00bb gap=\u00bb25&#8243; content_placement=\u00bbmiddle\u00bb][vc_column width=\u00bb1\/2&#8243;][vc_column_text css=\u00bb\u00bb] Udaberria euskaltegia lleva m\u00e1s de 50 a\u00f1os trabajando en la euskaldunizaci\u00f3n de adultos, j\u00f3venes y ni\u00f1os de Vitoria, y casi 30 a\u00f1os en Ordu\u00f1a. Con el paso del tiempo, hemos tenido que realizar algunos cambios, pero en esencia seguimos&hellip;","og_url":"https:\/\/www.udaberria.eus\/es\/quienes-somos\/","og_site_name":"Udaberria Euskaltegia","article_modified_time":"2026-03-23T12:14:11+00:00","twitter_card":"summary_large_image","twitter_misc":{"Tiempo de lectura":"2 minutos"},"schema":{"@context":"https:\/\/schema.org","@graph":[{"@type":"WebPage","@id":"https:\/\/www.udaberria.eus\/es\/quienes-somos\/","url":"https:\/\/www.udaberria.eus\/es\/quienes-somos\/","name":"Qui\u00e9nes somos - Udaberria Euskaltegia","isPartOf":{"@id":"https:\/\/www.udaberria.eus\/es\/#website"},"datePublished":"2016-10-14T15:56:47+00:00","dateModified":"2026-03-23T12:14:11+00:00","breadcrumb":{"@id":"https:\/\/www.udaberria.eus\/es\/quienes-somos\/#breadcrumb"},"inLanguage":"es","potentialAction":[{"@type":"ReadAction","target":["https:\/\/www.udaberria.eus\/es\/quienes-somos\/"]}]},{"@type":"BreadcrumbList","@id":"https:\/\/www.udaberria.eus\/es\/quienes-somos\/#breadcrumb","itemListElement":[{"@type":"ListItem","position":1,"name":"Portada","item":"https:\/\/www.udaberria.eus\/es\/"},{"@type":"ListItem","position":2,"name":"Qui\u00e9nes somos"}]},{"@type":"WebSite","@id":"https:\/\/www.udaberria.eus\/es\/#website","url":"https:\/\/www.udaberria.eus\/es\/","name":"Udaberria Euskaltegia","description":"Euskara bertatik bertara!","potentialAction":[{"@type":"SearchAction","target":{"@type":"EntryPoint","urlTemplate":"https:\/\/www.udaberria.eus\/es\/?s={search_term_string}"},"query-input":{"@type":"PropertyValueSpecification","valueRequired":true,"valueName":"search_term_string"}}],"inLanguage":"es"}]}},"_links":{"self":[{"href":"https:\/\/www.udaberria.eus\/es\/wp-json\/wp\/v2\/pages\/2923","targetHints":{"allow":["GET"]}}],"collection":[{"href":"https:\/\/www.udaberria.eus\/es\/wp-json\/wp\/v2\/pages"}],"about":[{"href":"https:\/\/www.udaberria.eus\/es\/wp-json\/wp\/v2\/types\/page"}],"author":[{"embeddable":true,"href":"https:\/\/www.udaberria.eus\/es\/wp-json\/wp\/v2\/users\/1"}],"replies":[{"embeddable":true,"href":"https:\/\/www.udaberria.eus\/es\/wp-json\/wp\/v2\/comments?post=2923"}],"version-history":[{"count":7,"href":"https:\/\/www.udaberria.eus\/es\/wp-json\/wp\/v2\/pages\/2923\/revisions"}],"predecessor-version":[{"id":3311,"href":"https:\/\/www.udaberria.eus\/es\/wp-json\/wp\/v2\/pages\/2923\/revisions\/3311"}],"wp:attachment":[{"href":"https:\/\/www.udaberria.eus\/es\/wp-json\/wp\/v2\/media?parent=2923"}],"curies":[{"name":"wp","href":"https:\/\/api.w.org\/{rel}","templated":true}]}}